{"id":779,"date":"2020-05-31T16:51:28","date_gmt":"2020-05-31T13:51:28","guid":{"rendered":"https:\/\/www.dianisearesort.de\/?page_id=779"},"modified":"2022-03-31T16:10:29","modified_gmt":"2022-03-31T13:10:29","slug":"wefocus","status":"publish","type":"page","link":"https:\/\/www.dianisearesort.de\/de\/wefocus\/","title":{"rendered":"Covid19 Einreisevorraussetzungen"},"content":{"rendered":"<p><strong>Einreise nach Kenia unter COVID\u2013 Bitte informieren Sie auch sich bei Ihrer Botschaft.<\/strong><\/p>\n<h4><em><span lang=\"DE\">Zur Einreise benoetigen Sie: <\/span><\/em><\/h4>\n<p class=\"rteparagraph\"><span lang=\"DE\">\u00b7\u00a0\u00a0\u00a0\u00a0\u00a0\u00a0 <\/span><span lang=\"DE\">EVISA: Das Visum muss online beantragt werden und ist nicht mehr am Flughafen erhaeltlich. <a href=\"https:\/\/evisa.go.ke\/evisa.html\">https:\/\/evisa.go.ke\/evisa.html<\/a><\/span><\/p>\n<p class=\"rteparagraph\"><span lang=\"DE\">\u00b7\u00a0\u00a0\u00a0\u00a0\u00a0\u00a0 <\/span><span lang=\"DE\">das Formular <\/span><a href=\"https:\/\/ears.health.go.ke\/airline_registration\/\"><span lang=\"DE\">\u201cTravel Health Surveillance Form\u201e<\/span><\/a><span lang=\"DE\">\u00a0vor Einreise online ausf\u00fcllen und den empfangenen QR-Code bei Ankunft am Flughafen vorzeigen. Jeder Gast braucht seinen eigenen QR Code.<\/span><\/p>\n<p class=\"rteparagraph\"><span lang=\"DE\">\u00b7\u00a0\u00a0\u00a0\u00a0\u00a0\u00a0 <\/span><span lang=\"DE\">Nachweis \u00fcber einen vollst\u00e4ndigen Impfschutz bzw. ein negatives PCR-Testergebnis muss vor Reiseantritt auf die Zertifizierungswebseite von \u201e<\/span><a href=\"https:\/\/www.globalhaven.org\/\"><span lang=\"DE\">Global Haven\u201c<\/span><\/a><span lang=\"DE\"> hochgeladen werden. F\u00fcr die Einreise nach Kenia ben\u00f6tigen vollst\u00e4ndig geimpfte Reisende ab 18 Jahren keinen negativen PCR-Test. Die Regierung von Kenia hat <\/span><a href=\"https:\/\/www.kcaa.or.ke\/sites\/default\/files\/covid-19\/documents\/COVID-19_TRAVEL_REQUIREMENTS_11032022.pdf\"><span lang=\"DE\">Ausnahmeregelungen,<\/span><\/a> <span lang=\"DE\">u.a. f\u00fcr Genesene, ver\u00f6ffentlicht.<\/span><\/p>\n<p class=\"rteparagraph\"><span lang=\"DE\">F\u00fcr ungeimpfte Personen ab f\u00fcnf Jahren ist ein negativer PCR-Test erforderlich, der h\u00f6chstens 72 Stunden vor Abreise erfolgt ist. Zus\u00e4tzlich hat sich diese Personengruppe bei Einreise einem kostenpflichtigen Antigen-Schnelltest (30 USD) zu unterziehen. Bei einem positiven Ergebnis folgt ein verpflichtender PCR-Test (50 USD) sowie die Pflicht zur Selbstisolation.<\/span><\/p>\n<p class=\"rteparagraph\"><span lang=\"DE\">Bei Voraufenthalten bzw. bei Transit durch <\/span><a href=\"https:\/\/www.kcaa.or.ke\/sites\/default\/files\/covid-19\/documents\/COVID-19_TRAVEL_REQUIREMENTS_11032022.pdf\"><span lang=\"DE\">bestimmte Staaten<\/span><\/a><span lang=\"DE\"> sind bei Einreise in Kenia Antigen-Schnelltests verpflichtend, die kostenlos durchgef\u00fchrt werden.<\/span><\/p>\n<h4><em>Ausreise und Transit<\/em><\/h4>\n<p class=\"rteparagraph\"><span lang=\"DE\">Die Grenz\u00fcberg\u00e4nge sind ge\u00f6ffnet; internationale Flugverbindungen bestehen. Sofern das Zielland bei Einreise die Vorlage eines Antigen-Schnelltests erfordert, muss dieser am Flughafen bei der <\/span><a href=\"https:\/\/www.kcaa.or.ke\/sites\/default\/files\/covid-19\/documents\/COVID-19_TRAVEL_REQUIREMENTS_11032022.pdf\"><span lang=\"DE\">Port Health Facility des kenianischen Gesundheitsministeriums<\/span><\/a><span lang=\"DE\"> durchgef\u00fchrt werden und auf der Zertifizierungswebseite <\/span><a href=\"https:\/\/africacdc.org\/trusted-travel\/\"><span lang=\"DE\">Trusted Travel<\/span><\/a><span lang=\"DE\"> hochgeladen werden. \u00a0<\/span><\/p>\n<h4><em><span lang=\"DE\">Beschr\u00e4nkungen im Land <\/span><\/em><\/h4>\n<p class=\"rteparagraph\"><span lang=\"DE\">Es besteht Maskenpflicht in \u00f6ffentlich zug\u00e4nglichen Verkehrsmitteln, Z\u00fcgen und Flugzeugen. Das Tragen von Masken in Innenr\u00e4umen wird empfohlen. Treffen in geschlossenen R\u00e4umen sind zugelassen, wenn alle Teilnehmer geimpft sind. Impfnachweise k\u00f6nnen bei Gro\u00dfveranstaltungen und Veranstaltungen in Innenr\u00e4umen verlangt werden.<\/span><\/p>\n<p><\/p>","protected":false},"excerpt":{"rendered":"<p>Einreise nach Kenia unter COVID\u2013 Bitte informieren Sie auch sich bei Ihrer Botschaft. Zur Einreise benoetigen Sie: \u00b7\u00a0\u00a0\u00a0\u00a0\u00a0\u00a0 EVISA: Das Visum muss online beantragt werden und ist nicht mehr am Flughafen erhaeltlich. https:\/\/evisa.go.ke\/evisa.html \u00b7\u00a0\u00a0\u00a0\u00a0\u00a0\u00a0 das Formular \u201cTravel Health Surveillance Form\u201e\u00a0vor Einreise online ausf\u00fcllen und den empfangenen QR-Code bei Ankunft am Flughafen vorzeigen. Jeder Gast braucht [&hellip;]<\/p>\n","protected":false},"author":2,"featured_media":0,"parent":0,"menu_order":0,"comment_status":"closed","ping_status":"closed","template":"","meta":{"_acf_changed":false,"footnotes":""},"class_list":["post-779","page","type-page","status-publish","hentry"],"acf":[],"yoast_head":"<!-- This site is optimized with the Yoast SEO plugin v27.4 - https:\/\/yoast.com\/product\/yoast-seo-wordpress\/ -->\n<title>Covid19 Einreisevorraussetzungen - DSR<\/title>\n<meta name=\"robots\" content=\"index, follow, max-snippet:-1, max-image-preview:large, max-video-preview:-1\" \/>\n<link rel=\"canonical\" href=\"https:\/\/www.dianisearesort.de\/de\/covid19\/\" \/>\n<meta property=\"og:locale\" content=\"de_DE\" \/>\n<meta property=\"og:type\" content=\"article\" \/>\n<meta property=\"og:title\" content=\"Covid19 Einreisevorraussetzungen - DSR\" \/>\n<meta property=\"og:description\" content=\"Einreise nach Kenia unter COVID\u2013 Bitte informieren Sie auch sich bei Ihrer Botschaft. Zur Einreise benoetigen Sie: \u00b7\u00a0\u00a0\u00a0\u00a0\u00a0\u00a0 EVISA: Das Visum muss online beantragt werden und ist nicht mehr am Flughafen erhaeltlich. https:\/\/evisa.go.ke\/evisa.html \u00b7\u00a0\u00a0\u00a0\u00a0\u00a0\u00a0 das Formular \u201cTravel Health Surveillance Form\u201e\u00a0vor Einreise online ausf\u00fcllen und den empfangenen QR-Code bei Ankunft am Flughafen vorzeigen. Jeder Gast braucht [&hellip;]\" \/>\n<meta property=\"og:url\" content=\"https:\/\/www.dianisearesort.de\/de\/covid19\/\" \/>\n<meta property=\"og:site_name\" content=\"DSR\" \/>\n<meta property=\"article:publisher\" content=\"https:\/\/web.facebook.com\/dianisearesort\/\" \/>\n<meta property=\"article:modified_time\" content=\"2022-03-31T13:10:29+00:00\" \/>\n<meta property=\"og:image\" content=\"https:\/\/www.dianisearesort.de\/media\/2018\/06\/DSR-PANO-5.jpg\" \/>\n\t<meta property=\"og:image:width\" content=\"1980\" \/>\n\t<meta property=\"og:image:height\" content=\"1114\" \/>\n\t<meta property=\"og:image:type\" content=\"image\/jpeg\" \/>\n<meta name=\"twitter:card\" content=\"summary_large_image\" \/>\n<meta name=\"twitter:label1\" content=\"Gesch\u00e4tzte Lesezeit\" \/>\n\t<meta name=\"twitter:data1\" content=\"2\u00a0Minuten\" \/>\n<script type=\"application\/ld+json\" class=\"yoast-schema-graph\">{\"@context\":\"https:\\\/\\\/schema.org\",\"@graph\":[{\"@type\":\"WebPage\",\"@id\":\"https:\\\/\\\/www.dianisearesort.de\\\/de\\\/covid19\\\/\",\"url\":\"https:\\\/\\\/www.dianisearesort.de\\\/de\\\/covid19\\\/\",\"name\":\"Covid19 Einreisevorraussetzungen - DSR\",\"isPartOf\":{\"@id\":\"https:\\\/\\\/www.dianisearesort.de\\\/de\\\/#website\"},\"datePublished\":\"2020-05-31T13:51:28+00:00\",\"dateModified\":\"2022-03-31T13:10:29+00:00\",\"breadcrumb\":{\"@id\":\"https:\\\/\\\/www.dianisearesort.de\\\/de\\\/covid19\\\/#breadcrumb\"},\"inLanguage\":\"de\",\"potentialAction\":[{\"@type\":\"ReadAction\",\"target\":[[\"https:\\\/\\\/www.dianisearesort.de\\\/de\\\/covid19\\\/\"]]}]},{\"@type\":\"BreadcrumbList\",\"@id\":\"https:\\\/\\\/www.dianisearesort.de\\\/de\\\/covid19\\\/#breadcrumb\",\"itemListElement\":[{\"@type\":\"ListItem\",\"position\":1,\"name\":\"Home\",\"item\":\"https:\\\/\\\/www.dianisearesort.de\\\/de\\\/\"},{\"@type\":\"ListItem\",\"position\":2,\"name\":\"COVID19 Entry Requirements\"}]},{\"@type\":\"WebSite\",\"@id\":\"https:\\\/\\\/www.dianisearesort.de\\\/de\\\/#website\",\"url\":\"https:\\\/\\\/www.dianisearesort.de\\\/de\\\/\",\"name\":\"DSR\",\"description\":\"\",\"publisher\":{\"@id\":\"https:\\\/\\\/www.dianisearesort.de\\\/de\\\/#organization\"},\"potentialAction\":[{\"@type\":\"SearchAction\",\"target\":{\"@type\":\"EntryPoint\",\"urlTemplate\":\"https:\\\/\\\/www.dianisearesort.de\\\/de\\\/?s={search_term_string}\"},\"query-input\":{\"@type\":\"PropertyValueSpecification\",\"valueRequired\":true,\"valueName\":\"search_term_string\"}}],\"inLanguage\":\"de\"},{\"@type\":\"Organization\",\"@id\":\"https:\\\/\\\/www.dianisearesort.de\\\/de\\\/#organization\",\"name\":\"Diani Sea Resort\",\"url\":\"https:\\\/\\\/www.dianisearesort.de\\\/de\\\/\",\"logo\":{\"@type\":\"ImageObject\",\"inLanguage\":\"de\",\"@id\":\"https:\\\/\\\/www.dianisearesort.de\\\/de\\\/#\\\/schema\\\/logo\\\/image\\\/\",\"url\":\"https:\\\/\\\/www.dianisearesort.de\\\/media\\\/2018\\\/11\\\/diani-sea-resort-sq.png\",\"contentUrl\":\"https:\\\/\\\/www.dianisearesort.de\\\/media\\\/2018\\\/11\\\/diani-sea-resort-sq.png\",\"width\":1600,\"height\":1600,\"caption\":\"Diani Sea Resort\"},\"image\":{\"@id\":\"https:\\\/\\\/www.dianisearesort.de\\\/de\\\/#\\\/schema\\\/logo\\\/image\\\/\"},\"sameAs\":[\"https:\\\/\\\/web.facebook.com\\\/dianisearesort\\\/\",\"https:\\\/\\\/www.instagram.com\\\/diani_sea_resort\\\/\"]}]}<\/script>\n<!-- \/ Yoast SEO plugin. -->","yoast_head_json":{"title":"Covid19 Einreisevorraussetzungen - DSR","robots":{"index":"index","follow":"follow","max-snippet":"max-snippet:-1","max-image-preview":"max-image-preview:large","max-video-preview":"max-video-preview:-1"},"canonical":"https:\/\/www.dianisearesort.de\/de\/covid19\/","og_locale":"de_DE","og_type":"article","og_title":"Covid19 Einreisevorraussetzungen - DSR","og_description":"Einreise nach Kenia unter COVID\u2013 Bitte informieren Sie auch sich bei Ihrer Botschaft. Zur Einreise benoetigen Sie: \u00b7\u00a0\u00a0\u00a0\u00a0\u00a0\u00a0 EVISA: Das Visum muss online beantragt werden und ist nicht mehr am Flughafen erhaeltlich. https:\/\/evisa.go.ke\/evisa.html \u00b7\u00a0\u00a0\u00a0\u00a0\u00a0\u00a0 das Formular \u201cTravel Health Surveillance Form\u201e\u00a0vor Einreise online ausf\u00fcllen und den empfangenen QR-Code bei Ankunft am Flughafen vorzeigen. Jeder Gast braucht [&hellip;]","og_url":"https:\/\/www.dianisearesort.de\/de\/covid19\/","og_site_name":"DSR","article_publisher":"https:\/\/web.facebook.com\/dianisearesort\/","article_modified_time":"2022-03-31T13:10:29+00:00","og_image":[{"width":1980,"height":1114,"url":"https:\/\/www.dianisearesort.de\/media\/2018\/06\/DSR-PANO-5.jpg","type":"image\/jpeg"}],"twitter_card":"summary_large_image","twitter_misc":{"Gesch\u00e4tzte Lesezeit":"2\u00a0Minuten"},"schema":{"@context":"https:\/\/schema.org","@graph":[{"@type":"WebPage","@id":"https:\/\/www.dianisearesort.de\/de\/covid19\/","url":"https:\/\/www.dianisearesort.de\/de\/covid19\/","name":"Covid19 Einreisevorraussetzungen - DSR","isPartOf":{"@id":"https:\/\/www.dianisearesort.de\/de\/#website"},"datePublished":"2020-05-31T13:51:28+00:00","dateModified":"2022-03-31T13:10:29+00:00","breadcrumb":{"@id":"https:\/\/www.dianisearesort.de\/de\/covid19\/#breadcrumb"},"inLanguage":"de","potentialAction":[{"@type":"ReadAction","target":[["https:\/\/www.dianisearesort.de\/de\/covid19\/"]]}]},{"@type":"BreadcrumbList","@id":"https:\/\/www.dianisearesort.de\/de\/covid19\/#breadcrumb","itemListElement":[{"@type":"ListItem","position":1,"name":"Home","item":"https:\/\/www.dianisearesort.de\/de\/"},{"@type":"ListItem","position":2,"name":"COVID19 Entry Requirements"}]},{"@type":"WebSite","@id":"https:\/\/www.dianisearesort.de\/de\/#website","url":"https:\/\/www.dianisearesort.de\/de\/","name":"DSR","description":"","publisher":{"@id":"https:\/\/www.dianisearesort.de\/de\/#organization"},"potentialAction":[{"@type":"SearchAction","target":{"@type":"EntryPoint","urlTemplate":"https:\/\/www.dianisearesort.de\/de\/?s={search_term_string}"},"query-input":{"@type":"PropertyValueSpecification","valueRequired":true,"valueName":"search_term_string"}}],"inLanguage":"de"},{"@type":"Organization","@id":"https:\/\/www.dianisearesort.de\/de\/#organization","name":"Diani Sea Resort","url":"https:\/\/www.dianisearesort.de\/de\/","logo":{"@type":"ImageObject","inLanguage":"de","@id":"https:\/\/www.dianisearesort.de\/de\/#\/schema\/logo\/image\/","url":"https:\/\/www.dianisearesort.de\/media\/2018\/11\/diani-sea-resort-sq.png","contentUrl":"https:\/\/www.dianisearesort.de\/media\/2018\/11\/diani-sea-resort-sq.png","width":1600,"height":1600,"caption":"Diani Sea Resort"},"image":{"@id":"https:\/\/www.dianisearesort.de\/de\/#\/schema\/logo\/image\/"},"sameAs":["https:\/\/web.facebook.com\/dianisearesort\/","https:\/\/www.instagram.com\/diani_sea_resort\/"]}]}},"_links":{"self":[{"href":"https:\/\/www.dianisearesort.de\/de\/wp-json\/wp\/v2\/pages\/779","targetHints":{"allow":["GET"]}}],"collection":[{"href":"https:\/\/www.dianisearesort.de\/de\/wp-json\/wp\/v2\/pages"}],"about":[{"href":"https:\/\/www.dianisearesort.de\/de\/wp-json\/wp\/v2\/types\/page"}],"author":[{"embeddable":true,"href":"https:\/\/www.dianisearesort.de\/de\/wp-json\/wp\/v2\/users\/2"}],"replies":[{"embeddable":true,"href":"https:\/\/www.dianisearesort.de\/de\/wp-json\/wp\/v2\/comments?post=779"}],"version-history":[{"count":28,"href":"https:\/\/www.dianisearesort.de\/de\/wp-json\/wp\/v2\/pages\/779\/revisions"}],"predecessor-version":[{"id":3648,"href":"https:\/\/www.dianisearesort.de\/de\/wp-json\/wp\/v2\/pages\/779\/revisions\/3648"}],"wp:attachment":[{"href":"https:\/\/www.dianisearesort.de\/de\/wp-json\/wp\/v2\/media?parent=779"}],"curies":[{"name":"wp","href":"https:\/\/api.w.org\/{rel}","templated":true}]}}