{"id":492,"date":"2018-10-28T09:08:10","date_gmt":"2018-10-28T09:08:10","guid":{"rendered":"https:\/\/www.dianisearesort.de\/?page_id=492"},"modified":"2018-11-02T02:28:50","modified_gmt":"2018-11-01T23:28:50","slug":"safari","status":"publish","type":"page","link":"https:\/\/www.dianisearesort.de\/de\/activities\/safari\/","title":{"rendered":"Safari"},"content":{"rendered":"<p>Wir verkaufen keine Safaris im Hotel, jedoch ist eine Reise nach Kenia nicht komplett ohne eine wundersch\u00f6ne Safari in einen der gro\u00dfen Nationalparks.<\/p>\n<p>Bitte erkundigen Sie sich bei Ihrem Reiseveranstalter oder kontaktieren Sie uns per <a href=\"mailto:reservation@dianisea.com\">Email<\/a> f\u00fcr Empfehlungen.<\/p>","protected":false},"excerpt":{"rendered":"<p>Wir verkaufen keine Safaris im Hotel, jedoch ist eine Reise nach Kenia nicht komplett ohne eine wundersch\u00f6ne Safari in einen der gro\u00dfen Nationalparks. Bitte erkundigen Sie sich bei Ihrem Reiseveranstalter oder kontaktieren Sie uns per Email f\u00fcr Empfehlungen.<\/p>\n","protected":false},"author":2,"featured_media":0,"parent":436,"menu_order":8,"comment_status":"closed","ping_status":"closed","template":"","meta":{"_acf_changed":false,"footnotes":""},"class_list":["post-492","page","type-page","status-publish","hentry"],"acf":[],"yoast_head":"<!-- This site is optimized with the Yoast SEO plugin v27.4 - https:\/\/yoast.com\/product\/yoast-seo-wordpress\/ -->\n<title>Safari - DSR<\/title>\n<meta name=\"robots\" content=\"index, follow, max-snippet:-1, max-image-preview:large, max-video-preview:-1\" \/>\n<link rel=\"canonical\" href=\"https:\/\/www.dianisearesort.de\/de\/aktivitaten\/safari-de\/\" \/>\n<meta property=\"og:locale\" content=\"de_DE\" \/>\n<meta property=\"og:type\" content=\"article\" \/>\n<meta property=\"og:title\" content=\"Safari - DSR\" \/>\n<meta property=\"og:description\" content=\"Wir verkaufen keine Safaris im Hotel, jedoch ist eine Reise nach Kenia nicht komplett ohne eine wundersch\u00f6ne Safari in einen der gro\u00dfen Nationalparks. Bitte erkundigen Sie sich bei Ihrem Reiseveranstalter oder kontaktieren Sie uns per Email f\u00fcr Empfehlungen.\" \/>\n<meta property=\"og:url\" content=\"https:\/\/www.dianisearesort.de\/de\/aktivitaten\/safari-de\/\" \/>\n<meta property=\"og:site_name\" content=\"DSR\" \/>\n<meta property=\"article:publisher\" content=\"https:\/\/web.facebook.com\/dianisearesort\/\" \/>\n<meta property=\"article:modified_time\" content=\"2018-11-01T23:28:50+00:00\" \/>\n<meta property=\"og:image\" content=\"https:\/\/www.dianisearesort.de\/media\/2018\/06\/DSR-PANO-5.jpg\" \/>\n\t<meta property=\"og:image:width\" content=\"1980\" \/>\n\t<meta property=\"og:image:height\" content=\"1114\" \/>\n\t<meta property=\"og:image:type\" content=\"image\/jpeg\" \/>\n<meta name=\"twitter:card\" content=\"summary_large_image\" \/>\n<script type=\"application\/ld+json\" class=\"yoast-schema-graph\">{\"@context\":\"https:\\\/\\\/schema.org\",\"@graph\":[{\"@type\":\"WebPage\",\"@id\":\"https:\\\/\\\/www.dianisearesort.de\\\/de\\\/aktivitaten\\\/safari-de\\\/\",\"url\":\"https:\\\/\\\/www.dianisearesort.de\\\/de\\\/aktivitaten\\\/safari-de\\\/\",\"name\":\"Safari - DSR\",\"isPartOf\":{\"@id\":\"https:\\\/\\\/www.dianisearesort.de\\\/de\\\/#website\"},\"datePublished\":\"2018-10-28T09:08:10+00:00\",\"dateModified\":\"2018-11-01T23:28:50+00:00\",\"breadcrumb\":{\"@id\":\"https:\\\/\\\/www.dianisearesort.de\\\/de\\\/aktivitaten\\\/safari-de\\\/#breadcrumb\"},\"inLanguage\":\"de\",\"potentialAction\":[{\"@type\":\"ReadAction\",\"target\":[[\"https:\\\/\\\/www.dianisearesort.de\\\/de\\\/aktivitaten\\\/safari-de\\\/\"]]}]},{\"@type\":\"BreadcrumbList\",\"@id\":\"https:\\\/\\\/www.dianisearesort.de\\\/de\\\/aktivitaten\\\/safari-de\\\/#breadcrumb\",\"itemListElement\":[{\"@type\":\"ListItem\",\"position\":1,\"name\":\"Home\",\"item\":\"https:\\\/\\\/www.dianisearesort.de\\\/de\\\/\"},{\"@type\":\"ListItem\",\"position\":2,\"name\":\"Activities\",\"item\":\"https:\\\/\\\/www.dianisearesort.de\\\/de\\\/activities\\\/\"},{\"@type\":\"ListItem\",\"position\":3,\"name\":\"Safari\"}]},{\"@type\":\"WebSite\",\"@id\":\"https:\\\/\\\/www.dianisearesort.de\\\/de\\\/#website\",\"url\":\"https:\\\/\\\/www.dianisearesort.de\\\/de\\\/\",\"name\":\"DSR\",\"description\":\"\",\"publisher\":{\"@id\":\"https:\\\/\\\/www.dianisearesort.de\\\/de\\\/#organization\"},\"potentialAction\":[{\"@type\":\"SearchAction\",\"target\":{\"@type\":\"EntryPoint\",\"urlTemplate\":\"https:\\\/\\\/www.dianisearesort.de\\\/de\\\/?s={search_term_string}\"},\"query-input\":{\"@type\":\"PropertyValueSpecification\",\"valueRequired\":true,\"valueName\":\"search_term_string\"}}],\"inLanguage\":\"de\"},{\"@type\":\"Organization\",\"@id\":\"https:\\\/\\\/www.dianisearesort.de\\\/de\\\/#organization\",\"name\":\"Diani Sea Resort\",\"url\":\"https:\\\/\\\/www.dianisearesort.de\\\/de\\\/\",\"logo\":{\"@type\":\"ImageObject\",\"inLanguage\":\"de\",\"@id\":\"https:\\\/\\\/www.dianisearesort.de\\\/de\\\/#\\\/schema\\\/logo\\\/image\\\/\",\"url\":\"https:\\\/\\\/www.dianisearesort.de\\\/media\\\/2018\\\/11\\\/diani-sea-resort-sq.png\",\"contentUrl\":\"https:\\\/\\\/www.dianisearesort.de\\\/media\\\/2018\\\/11\\\/diani-sea-resort-sq.png\",\"width\":1600,\"height\":1600,\"caption\":\"Diani Sea Resort\"},\"image\":{\"@id\":\"https:\\\/\\\/www.dianisearesort.de\\\/de\\\/#\\\/schema\\\/logo\\\/image\\\/\"},\"sameAs\":[\"https:\\\/\\\/web.facebook.com\\\/dianisearesort\\\/\",\"https:\\\/\\\/www.instagram.com\\\/diani_sea_resort\\\/\"]}]}<\/script>\n<!-- \/ Yoast SEO plugin. -->","yoast_head_json":{"title":"Safari - DSR","robots":{"index":"index","follow":"follow","max-snippet":"max-snippet:-1","max-image-preview":"max-image-preview:large","max-video-preview":"max-video-preview:-1"},"canonical":"https:\/\/www.dianisearesort.de\/de\/aktivitaten\/safari-de\/","og_locale":"de_DE","og_type":"article","og_title":"Safari - DSR","og_description":"Wir verkaufen keine Safaris im Hotel, jedoch ist eine Reise nach Kenia nicht komplett ohne eine wundersch\u00f6ne Safari in einen der gro\u00dfen Nationalparks. Bitte erkundigen Sie sich bei Ihrem Reiseveranstalter oder kontaktieren Sie uns per Email f\u00fcr Empfehlungen.","og_url":"https:\/\/www.dianisearesort.de\/de\/aktivitaten\/safari-de\/","og_site_name":"DSR","article_publisher":"https:\/\/web.facebook.com\/dianisearesort\/","article_modified_time":"2018-11-01T23:28:50+00:00","og_image":[{"width":1980,"height":1114,"url":"https:\/\/www.dianisearesort.de\/media\/2018\/06\/DSR-PANO-5.jpg","type":"image\/jpeg"}],"twitter_card":"summary_large_image","schema":{"@context":"https:\/\/schema.org","@graph":[{"@type":"WebPage","@id":"https:\/\/www.dianisearesort.de\/de\/aktivitaten\/safari-de\/","url":"https:\/\/www.dianisearesort.de\/de\/aktivitaten\/safari-de\/","name":"Safari - DSR","isPartOf":{"@id":"https:\/\/www.dianisearesort.de\/de\/#website"},"datePublished":"2018-10-28T09:08:10+00:00","dateModified":"2018-11-01T23:28:50+00:00","breadcrumb":{"@id":"https:\/\/www.dianisearesort.de\/de\/aktivitaten\/safari-de\/#breadcrumb"},"inLanguage":"de","potentialAction":[{"@type":"ReadAction","target":[["https:\/\/www.dianisearesort.de\/de\/aktivitaten\/safari-de\/"]]}]},{"@type":"BreadcrumbList","@id":"https:\/\/www.dianisearesort.de\/de\/aktivitaten\/safari-de\/#breadcrumb","itemListElement":[{"@type":"ListItem","position":1,"name":"Home","item":"https:\/\/www.dianisearesort.de\/de\/"},{"@type":"ListItem","position":2,"name":"Activities","item":"https:\/\/www.dianisearesort.de\/de\/activities\/"},{"@type":"ListItem","position":3,"name":"Safari"}]},{"@type":"WebSite","@id":"https:\/\/www.dianisearesort.de\/de\/#website","url":"https:\/\/www.dianisearesort.de\/de\/","name":"DSR","description":"","publisher":{"@id":"https:\/\/www.dianisearesort.de\/de\/#organization"},"potentialAction":[{"@type":"SearchAction","target":{"@type":"EntryPoint","urlTemplate":"https:\/\/www.dianisearesort.de\/de\/?s={search_term_string}"},"query-input":{"@type":"PropertyValueSpecification","valueRequired":true,"valueName":"search_term_string"}}],"inLanguage":"de"},{"@type":"Organization","@id":"https:\/\/www.dianisearesort.de\/de\/#organization","name":"Diani Sea Resort","url":"https:\/\/www.dianisearesort.de\/de\/","logo":{"@type":"ImageObject","inLanguage":"de","@id":"https:\/\/www.dianisearesort.de\/de\/#\/schema\/logo\/image\/","url":"https:\/\/www.dianisearesort.de\/media\/2018\/11\/diani-sea-resort-sq.png","contentUrl":"https:\/\/www.dianisearesort.de\/media\/2018\/11\/diani-sea-resort-sq.png","width":1600,"height":1600,"caption":"Diani Sea Resort"},"image":{"@id":"https:\/\/www.dianisearesort.de\/de\/#\/schema\/logo\/image\/"},"sameAs":["https:\/\/web.facebook.com\/dianisearesort\/","https:\/\/www.instagram.com\/diani_sea_resort\/"]}]}},"_links":{"self":[{"href":"https:\/\/www.dianisearesort.de\/de\/wp-json\/wp\/v2\/pages\/492","targetHints":{"allow":["GET"]}}],"collection":[{"href":"https:\/\/www.dianisearesort.de\/de\/wp-json\/wp\/v2\/pages"}],"about":[{"href":"https:\/\/www.dianisearesort.de\/de\/wp-json\/wp\/v2\/types\/page"}],"author":[{"embeddable":true,"href":"https:\/\/www.dianisearesort.de\/de\/wp-json\/wp\/v2\/users\/2"}],"replies":[{"embeddable":true,"href":"https:\/\/www.dianisearesort.de\/de\/wp-json\/wp\/v2\/comments?post=492"}],"version-history":[{"count":3,"href":"https:\/\/www.dianisearesort.de\/de\/wp-json\/wp\/v2\/pages\/492\/revisions"}],"predecessor-version":[{"id":581,"href":"https:\/\/www.dianisearesort.de\/de\/wp-json\/wp\/v2\/pages\/492\/revisions\/581"}],"up":[{"embeddable":true,"href":"https:\/\/www.dianisearesort.de\/de\/wp-json\/wp\/v2\/pages\/436"}],"wp:attachment":[{"href":"https:\/\/www.dianisearesort.de\/de\/wp-json\/wp\/v2\/media?parent=492"}],"curies":[{"name":"wp","href":"https:\/\/api.w.org\/{rel}","templated":true}]}}