{"id":474,"date":"2018-10-28T07:11:24","date_gmt":"2018-10-28T07:11:24","guid":{"rendered":"https:\/\/www.dianisearesort.de\/?page_id=474"},"modified":"2018-11-02T10:38:31","modified_gmt":"2018-11-02T07:38:31","slug":"kids-family-programs","status":"publish","type":"page","link":"https:\/\/www.dianisearesort.de\/de\/activities\/kids-family-programs\/","title":{"rendered":"Kinder- und Familienprogramme"},"content":{"rendered":"<p>Kinder sind in unserem Hotel immer ein willkommener Anblick. Unser Animationsteam plant Aktivit\u00e4ten rund um das, was Kenia zu bieten hat. Lassen Sie das Animationsteam an einem typischen Tag am Strand entlang spazieren und sammeln Sie Muscheln in allen Formen und Farben. Anschlie\u00dfend regt das Animationsteam die kreative Seite an: Sehen Sie, wie sie aus den Schalen wundersch\u00f6ne Kunstwerke schaffen. Oder m\u00f6chten Sie vielleicht nur etwas Zeit zum Lesen haben? Lassen Sie unser Animationsteam Ping Pong oder Memory mit den Kindern spielen oder lassen Sie die Kinder ein paar Perlenketten basteln, w\u00e4hrend Sie ein wenig Zeit f\u00fcr sich haben.<\/p>","protected":false},"excerpt":{"rendered":"<p>Kinder sind in unserem Hotel immer ein willkommener Anblick. Unser Animationsteam plant Aktivit\u00e4ten rund um das, was Kenia zu bieten hat. Lassen Sie das Animationsteam an einem typischen Tag am Strand entlang spazieren und sammeln Sie Muscheln in allen Formen und Farben. Anschlie\u00dfend regt das Animationsteam die kreative Seite an: Sehen Sie, wie sie aus [&hellip;]<\/p>\n","protected":false},"author":2,"featured_media":0,"parent":436,"menu_order":1,"comment_status":"closed","ping_status":"closed","template":"","meta":{"_acf_changed":false,"footnotes":""},"class_list":["post-474","page","type-page","status-publish","hentry"],"acf":[],"yoast_head":"<!-- This site is optimized with the Yoast SEO plugin v27.4 - https:\/\/yoast.com\/product\/yoast-seo-wordpress\/ -->\n<title>Kinder- und Familienprogramme - DSR<\/title>\n<meta name=\"robots\" content=\"index, follow, max-snippet:-1, max-image-preview:large, max-video-preview:-1\" \/>\n<link rel=\"canonical\" href=\"https:\/\/www.dianisearesort.de\/de\/activities\/kids-and-family\/\" \/>\n<meta property=\"og:locale\" content=\"de_DE\" \/>\n<meta property=\"og:type\" content=\"article\" \/>\n<meta property=\"og:title\" content=\"Kinder- und Familienprogramme - DSR\" \/>\n<meta property=\"og:description\" content=\"Kinder sind in unserem Hotel immer ein willkommener Anblick. Unser Animationsteam plant Aktivit\u00e4ten rund um das, was Kenia zu bieten hat. Lassen Sie das Animationsteam an einem typischen Tag am Strand entlang spazieren und sammeln Sie Muscheln in allen Formen und Farben. Anschlie\u00dfend regt das Animationsteam die kreative Seite an: Sehen Sie, wie sie aus [&hellip;]\" \/>\n<meta property=\"og:url\" content=\"https:\/\/www.dianisearesort.de\/de\/activities\/kids-and-family\/\" \/>\n<meta property=\"og:site_name\" content=\"DSR\" \/>\n<meta property=\"article:publisher\" content=\"https:\/\/web.facebook.com\/dianisearesort\/\" \/>\n<meta property=\"article:modified_time\" content=\"2018-11-02T07:38:31+00:00\" \/>\n<meta property=\"og:image\" content=\"https:\/\/www.dianisearesort.de\/media\/2018\/06\/DSR-PANO-5.jpg\" \/>\n\t<meta property=\"og:image:width\" content=\"1980\" \/>\n\t<meta property=\"og:image:height\" content=\"1114\" \/>\n\t<meta property=\"og:image:type\" content=\"image\/jpeg\" \/>\n<meta name=\"twitter:card\" content=\"summary_large_image\" \/>\n<meta name=\"twitter:label1\" content=\"Gesch\u00e4tzte Lesezeit\" \/>\n\t<meta name=\"twitter:data1\" content=\"1\u00a0Minute\" \/>\n<script type=\"application\/ld+json\" class=\"yoast-schema-graph\">{\"@context\":\"https:\\\/\\\/schema.org\",\"@graph\":[{\"@type\":\"WebPage\",\"@id\":\"https:\\\/\\\/www.dianisearesort.de\\\/de\\\/activities\\\/kids-and-family\\\/\",\"url\":\"https:\\\/\\\/www.dianisearesort.de\\\/de\\\/activities\\\/kids-and-family\\\/\",\"name\":\"Kinder- und Familienprogramme - DSR\",\"isPartOf\":{\"@id\":\"https:\\\/\\\/www.dianisearesort.de\\\/de\\\/#website\"},\"datePublished\":\"2018-10-28T07:11:24+00:00\",\"dateModified\":\"2018-11-02T07:38:31+00:00\",\"breadcrumb\":{\"@id\":\"https:\\\/\\\/www.dianisearesort.de\\\/de\\\/activities\\\/kids-and-family\\\/#breadcrumb\"},\"inLanguage\":\"de\",\"potentialAction\":[{\"@type\":\"ReadAction\",\"target\":[[\"https:\\\/\\\/www.dianisearesort.de\\\/de\\\/activities\\\/kids-and-family\\\/\"]]}]},{\"@type\":\"BreadcrumbList\",\"@id\":\"https:\\\/\\\/www.dianisearesort.de\\\/de\\\/activities\\\/kids-and-family\\\/#breadcrumb\",\"itemListElement\":[{\"@type\":\"ListItem\",\"position\":1,\"name\":\"Home\",\"item\":\"https:\\\/\\\/www.dianisearesort.de\\\/de\\\/\"},{\"@type\":\"ListItem\",\"position\":2,\"name\":\"Activities\",\"item\":\"https:\\\/\\\/www.dianisearesort.de\\\/de\\\/activities\\\/\"},{\"@type\":\"ListItem\",\"position\":3,\"name\":\"Kids &#038; Family programs\"}]},{\"@type\":\"WebSite\",\"@id\":\"https:\\\/\\\/www.dianisearesort.de\\\/de\\\/#website\",\"url\":\"https:\\\/\\\/www.dianisearesort.de\\\/de\\\/\",\"name\":\"DSR\",\"description\":\"\",\"publisher\":{\"@id\":\"https:\\\/\\\/www.dianisearesort.de\\\/de\\\/#organization\"},\"potentialAction\":[{\"@type\":\"SearchAction\",\"target\":{\"@type\":\"EntryPoint\",\"urlTemplate\":\"https:\\\/\\\/www.dianisearesort.de\\\/de\\\/?s={search_term_string}\"},\"query-input\":{\"@type\":\"PropertyValueSpecification\",\"valueRequired\":true,\"valueName\":\"search_term_string\"}}],\"inLanguage\":\"de\"},{\"@type\":\"Organization\",\"@id\":\"https:\\\/\\\/www.dianisearesort.de\\\/de\\\/#organization\",\"name\":\"Diani Sea Resort\",\"url\":\"https:\\\/\\\/www.dianisearesort.de\\\/de\\\/\",\"logo\":{\"@type\":\"ImageObject\",\"inLanguage\":\"de\",\"@id\":\"https:\\\/\\\/www.dianisearesort.de\\\/de\\\/#\\\/schema\\\/logo\\\/image\\\/\",\"url\":\"https:\\\/\\\/www.dianisearesort.de\\\/media\\\/2018\\\/11\\\/diani-sea-resort-sq.png\",\"contentUrl\":\"https:\\\/\\\/www.dianisearesort.de\\\/media\\\/2018\\\/11\\\/diani-sea-resort-sq.png\",\"width\":1600,\"height\":1600,\"caption\":\"Diani Sea Resort\"},\"image\":{\"@id\":\"https:\\\/\\\/www.dianisearesort.de\\\/de\\\/#\\\/schema\\\/logo\\\/image\\\/\"},\"sameAs\":[\"https:\\\/\\\/web.facebook.com\\\/dianisearesort\\\/\",\"https:\\\/\\\/www.instagram.com\\\/diani_sea_resort\\\/\"]}]}<\/script>\n<!-- \/ Yoast SEO plugin. -->","yoast_head_json":{"title":"Kinder- und Familienprogramme - DSR","robots":{"index":"index","follow":"follow","max-snippet":"max-snippet:-1","max-image-preview":"max-image-preview:large","max-video-preview":"max-video-preview:-1"},"canonical":"https:\/\/www.dianisearesort.de\/de\/activities\/kids-and-family\/","og_locale":"de_DE","og_type":"article","og_title":"Kinder- und Familienprogramme - DSR","og_description":"Kinder sind in unserem Hotel immer ein willkommener Anblick. Unser Animationsteam plant Aktivit\u00e4ten rund um das, was Kenia zu bieten hat. Lassen Sie das Animationsteam an einem typischen Tag am Strand entlang spazieren und sammeln Sie Muscheln in allen Formen und Farben. Anschlie\u00dfend regt das Animationsteam die kreative Seite an: Sehen Sie, wie sie aus [&hellip;]","og_url":"https:\/\/www.dianisearesort.de\/de\/activities\/kids-and-family\/","og_site_name":"DSR","article_publisher":"https:\/\/web.facebook.com\/dianisearesort\/","article_modified_time":"2018-11-02T07:38:31+00:00","og_image":[{"width":1980,"height":1114,"url":"https:\/\/www.dianisearesort.de\/media\/2018\/06\/DSR-PANO-5.jpg","type":"image\/jpeg"}],"twitter_card":"summary_large_image","twitter_misc":{"Gesch\u00e4tzte Lesezeit":"1\u00a0Minute"},"schema":{"@context":"https:\/\/schema.org","@graph":[{"@type":"WebPage","@id":"https:\/\/www.dianisearesort.de\/de\/activities\/kids-and-family\/","url":"https:\/\/www.dianisearesort.de\/de\/activities\/kids-and-family\/","name":"Kinder- und Familienprogramme - DSR","isPartOf":{"@id":"https:\/\/www.dianisearesort.de\/de\/#website"},"datePublished":"2018-10-28T07:11:24+00:00","dateModified":"2018-11-02T07:38:31+00:00","breadcrumb":{"@id":"https:\/\/www.dianisearesort.de\/de\/activities\/kids-and-family\/#breadcrumb"},"inLanguage":"de","potentialAction":[{"@type":"ReadAction","target":[["https:\/\/www.dianisearesort.de\/de\/activities\/kids-and-family\/"]]}]},{"@type":"BreadcrumbList","@id":"https:\/\/www.dianisearesort.de\/de\/activities\/kids-and-family\/#breadcrumb","itemListElement":[{"@type":"ListItem","position":1,"name":"Home","item":"https:\/\/www.dianisearesort.de\/de\/"},{"@type":"ListItem","position":2,"name":"Activities","item":"https:\/\/www.dianisearesort.de\/de\/activities\/"},{"@type":"ListItem","position":3,"name":"Kids &#038; Family programs"}]},{"@type":"WebSite","@id":"https:\/\/www.dianisearesort.de\/de\/#website","url":"https:\/\/www.dianisearesort.de\/de\/","name":"DSR","description":"","publisher":{"@id":"https:\/\/www.dianisearesort.de\/de\/#organization"},"potentialAction":[{"@type":"SearchAction","target":{"@type":"EntryPoint","urlTemplate":"https:\/\/www.dianisearesort.de\/de\/?s={search_term_string}"},"query-input":{"@type":"PropertyValueSpecification","valueRequired":true,"valueName":"search_term_string"}}],"inLanguage":"de"},{"@type":"Organization","@id":"https:\/\/www.dianisearesort.de\/de\/#organization","name":"Diani Sea Resort","url":"https:\/\/www.dianisearesort.de\/de\/","logo":{"@type":"ImageObject","inLanguage":"de","@id":"https:\/\/www.dianisearesort.de\/de\/#\/schema\/logo\/image\/","url":"https:\/\/www.dianisearesort.de\/media\/2018\/11\/diani-sea-resort-sq.png","contentUrl":"https:\/\/www.dianisearesort.de\/media\/2018\/11\/diani-sea-resort-sq.png","width":1600,"height":1600,"caption":"Diani Sea Resort"},"image":{"@id":"https:\/\/www.dianisearesort.de\/de\/#\/schema\/logo\/image\/"},"sameAs":["https:\/\/web.facebook.com\/dianisearesort\/","https:\/\/www.instagram.com\/diani_sea_resort\/"]}]}},"_links":{"self":[{"href":"https:\/\/www.dianisearesort.de\/de\/wp-json\/wp\/v2\/pages\/474","targetHints":{"allow":["GET"]}}],"collection":[{"href":"https:\/\/www.dianisearesort.de\/de\/wp-json\/wp\/v2\/pages"}],"about":[{"href":"https:\/\/www.dianisearesort.de\/de\/wp-json\/wp\/v2\/types\/page"}],"author":[{"embeddable":true,"href":"https:\/\/www.dianisearesort.de\/de\/wp-json\/wp\/v2\/users\/2"}],"replies":[{"embeddable":true,"href":"https:\/\/www.dianisearesort.de\/de\/wp-json\/wp\/v2\/comments?post=474"}],"version-history":[{"count":5,"href":"https:\/\/www.dianisearesort.de\/de\/wp-json\/wp\/v2\/pages\/474\/revisions"}],"predecessor-version":[{"id":575,"href":"https:\/\/www.dianisearesort.de\/de\/wp-json\/wp\/v2\/pages\/474\/revisions\/575"}],"up":[{"embeddable":true,"href":"https:\/\/www.dianisearesort.de\/de\/wp-json\/wp\/v2\/pages\/436"}],"wp:attachment":[{"href":"https:\/\/www.dianisearesort.de\/de\/wp-json\/wp\/v2\/media?parent=474"}],"curies":[{"name":"wp","href":"https:\/\/api.w.org\/{rel}","templated":true}]}}