{"id":462,"date":"2018-10-27T14:51:27","date_gmt":"2018-10-27T14:51:27","guid":{"rendered":"https:\/\/www.dianisearesort.de\/?page_id=462"},"modified":"2018-11-02T02:16:30","modified_gmt":"2018-11-01T23:16:30","slug":"sports-leisure","status":"publish","type":"page","link":"https:\/\/www.dianisearesort.de\/de\/activities\/sports-leisure\/","title":{"rendered":"Sport &#038; Freizeit"},"content":{"rendered":"<p>Unser Animationsteam ist bestrebt, die perfekte Balance zwischen Unterhaltung und Entspannung zu finden. Wir haben auch t\u00e4gliche Kinderaktivit\u00e4ten, um auch die wichtigsten Familienmitglieder gl\u00fccklich zu machen.<\/p>\n<p>Wir bieten t\u00e4glich animierte Sportaktivit\u00e4ten wie Wasserball, Beachvolleyball, Beach Soccer und Aqua-Fitness an.<\/p>\n<p>Nutzen Sie Ihren Urlaub, um einige alte Favoriten wieder zu entdecken: Versuchen Sie eine Runde Tischtennis, spielen Sie Tennis mit Ihrer Familie, spielen Sie Bao (Mancala-Spiel, das ber\u00fchmte kenianische Brettspiel).<\/p>\n<p>Willst du ein bisschen mehr intellektuelle Stimulation? Lassen Sie sich von unserem Animationsteam in die Feinheiten der Suaheli-Sprache einf\u00fchren oder spielen Sie mit einer Gruppe von Freunden ein riesiges Memoryspiel.<\/p>","protected":false},"excerpt":{"rendered":"<p>Unser Animationsteam ist bestrebt, die perfekte Balance zwischen Unterhaltung und Entspannung zu finden. Wir haben auch t\u00e4gliche Kinderaktivit\u00e4ten, um auch die wichtigsten Familienmitglieder gl\u00fccklich zu machen. Wir bieten t\u00e4glich animierte Sportaktivit\u00e4ten wie Wasserball, Beachvolleyball, Beach Soccer und Aqua-Fitness an. Nutzen Sie Ihren Urlaub, um einige alte Favoriten wieder zu entdecken: Versuchen Sie eine Runde Tischtennis, [&hellip;]<\/p>\n","protected":false},"author":2,"featured_media":0,"parent":436,"menu_order":0,"comment_status":"closed","ping_status":"closed","template":"","meta":{"_acf_changed":false,"footnotes":""},"class_list":["post-462","page","type-page","status-publish","hentry"],"acf":[],"yoast_head":"<!-- This site is optimized with the Yoast SEO plugin v27.4 - https:\/\/yoast.com\/product\/yoast-seo-wordpress\/ -->\n<title>Sport &amp; Freizeit - DSR<\/title>\n<meta name=\"robots\" content=\"index, follow, max-snippet:-1, max-image-preview:large, max-video-preview:-1\" \/>\n<link rel=\"canonical\" href=\"https:\/\/www.dianisearesort.de\/de\/activities\/sports-leisure\/\" \/>\n<meta property=\"og:locale\" content=\"de_DE\" \/>\n<meta property=\"og:type\" content=\"article\" \/>\n<meta property=\"og:title\" content=\"Sport &amp; Freizeit - DSR\" \/>\n<meta property=\"og:description\" content=\"Unser Animationsteam ist bestrebt, die perfekte Balance zwischen Unterhaltung und Entspannung zu finden. Wir haben auch t\u00e4gliche Kinderaktivit\u00e4ten, um auch die wichtigsten Familienmitglieder gl\u00fccklich zu machen. Wir bieten t\u00e4glich animierte Sportaktivit\u00e4ten wie Wasserball, Beachvolleyball, Beach Soccer und Aqua-Fitness an. Nutzen Sie Ihren Urlaub, um einige alte Favoriten wieder zu entdecken: Versuchen Sie eine Runde Tischtennis, [&hellip;]\" \/>\n<meta property=\"og:url\" content=\"https:\/\/www.dianisearesort.de\/de\/activities\/sports-leisure\/\" \/>\n<meta property=\"og:site_name\" content=\"DSR\" \/>\n<meta property=\"article:publisher\" content=\"https:\/\/web.facebook.com\/dianisearesort\/\" \/>\n<meta property=\"article:modified_time\" content=\"2018-11-01T23:16:30+00:00\" \/>\n<meta property=\"og:image\" content=\"https:\/\/www.dianisearesort.de\/media\/2018\/06\/DSR-PANO-5.jpg\" \/>\n\t<meta property=\"og:image:width\" content=\"1980\" \/>\n\t<meta property=\"og:image:height\" content=\"1114\" \/>\n\t<meta property=\"og:image:type\" content=\"image\/jpeg\" \/>\n<meta name=\"twitter:card\" content=\"summary_large_image\" \/>\n<meta name=\"twitter:label1\" content=\"Gesch\u00e4tzte Lesezeit\" \/>\n\t<meta name=\"twitter:data1\" content=\"1\u00a0Minute\" \/>\n<script type=\"application\/ld+json\" class=\"yoast-schema-graph\">{\"@context\":\"https:\\\/\\\/schema.org\",\"@graph\":[{\"@type\":\"WebPage\",\"@id\":\"https:\\\/\\\/www.dianisearesort.de\\\/de\\\/activities\\\/sports-leisure\\\/\",\"url\":\"https:\\\/\\\/www.dianisearesort.de\\\/de\\\/activities\\\/sports-leisure\\\/\",\"name\":\"Sport & Freizeit - DSR\",\"isPartOf\":{\"@id\":\"https:\\\/\\\/www.dianisearesort.de\\\/de\\\/#website\"},\"datePublished\":\"2018-10-27T14:51:27+00:00\",\"dateModified\":\"2018-11-01T23:16:30+00:00\",\"breadcrumb\":{\"@id\":\"https:\\\/\\\/www.dianisearesort.de\\\/de\\\/activities\\\/sports-leisure\\\/#breadcrumb\"},\"inLanguage\":\"de\",\"potentialAction\":[{\"@type\":\"ReadAction\",\"target\":[[\"https:\\\/\\\/www.dianisearesort.de\\\/de\\\/activities\\\/sports-leisure\\\/\"]]}]},{\"@type\":\"BreadcrumbList\",\"@id\":\"https:\\\/\\\/www.dianisearesort.de\\\/de\\\/activities\\\/sports-leisure\\\/#breadcrumb\",\"itemListElement\":[{\"@type\":\"ListItem\",\"position\":1,\"name\":\"Home\",\"item\":\"https:\\\/\\\/www.dianisearesort.de\\\/de\\\/\"},{\"@type\":\"ListItem\",\"position\":2,\"name\":\"Activities\",\"item\":\"https:\\\/\\\/www.dianisearesort.de\\\/de\\\/activities\\\/\"},{\"@type\":\"ListItem\",\"position\":3,\"name\":\"Sports &#038; Leisure\"}]},{\"@type\":\"WebSite\",\"@id\":\"https:\\\/\\\/www.dianisearesort.de\\\/de\\\/#website\",\"url\":\"https:\\\/\\\/www.dianisearesort.de\\\/de\\\/\",\"name\":\"DSR\",\"description\":\"\",\"publisher\":{\"@id\":\"https:\\\/\\\/www.dianisearesort.de\\\/de\\\/#organization\"},\"potentialAction\":[{\"@type\":\"SearchAction\",\"target\":{\"@type\":\"EntryPoint\",\"urlTemplate\":\"https:\\\/\\\/www.dianisearesort.de\\\/de\\\/?s={search_term_string}\"},\"query-input\":{\"@type\":\"PropertyValueSpecification\",\"valueRequired\":true,\"valueName\":\"search_term_string\"}}],\"inLanguage\":\"de\"},{\"@type\":\"Organization\",\"@id\":\"https:\\\/\\\/www.dianisearesort.de\\\/de\\\/#organization\",\"name\":\"Diani Sea Resort\",\"url\":\"https:\\\/\\\/www.dianisearesort.de\\\/de\\\/\",\"logo\":{\"@type\":\"ImageObject\",\"inLanguage\":\"de\",\"@id\":\"https:\\\/\\\/www.dianisearesort.de\\\/de\\\/#\\\/schema\\\/logo\\\/image\\\/\",\"url\":\"https:\\\/\\\/www.dianisearesort.de\\\/media\\\/2018\\\/11\\\/diani-sea-resort-sq.png\",\"contentUrl\":\"https:\\\/\\\/www.dianisearesort.de\\\/media\\\/2018\\\/11\\\/diani-sea-resort-sq.png\",\"width\":1600,\"height\":1600,\"caption\":\"Diani Sea Resort\"},\"image\":{\"@id\":\"https:\\\/\\\/www.dianisearesort.de\\\/de\\\/#\\\/schema\\\/logo\\\/image\\\/\"},\"sameAs\":[\"https:\\\/\\\/web.facebook.com\\\/dianisearesort\\\/\",\"https:\\\/\\\/www.instagram.com\\\/diani_sea_resort\\\/\"]}]}<\/script>\n<!-- \/ Yoast SEO plugin. -->","yoast_head_json":{"title":"Sport & Freizeit - DSR","robots":{"index":"index","follow":"follow","max-snippet":"max-snippet:-1","max-image-preview":"max-image-preview:large","max-video-preview":"max-video-preview:-1"},"canonical":"https:\/\/www.dianisearesort.de\/de\/activities\/sports-leisure\/","og_locale":"de_DE","og_type":"article","og_title":"Sport & Freizeit - DSR","og_description":"Unser Animationsteam ist bestrebt, die perfekte Balance zwischen Unterhaltung und Entspannung zu finden. Wir haben auch t\u00e4gliche Kinderaktivit\u00e4ten, um auch die wichtigsten Familienmitglieder gl\u00fccklich zu machen. Wir bieten t\u00e4glich animierte Sportaktivit\u00e4ten wie Wasserball, Beachvolleyball, Beach Soccer und Aqua-Fitness an. Nutzen Sie Ihren Urlaub, um einige alte Favoriten wieder zu entdecken: Versuchen Sie eine Runde Tischtennis, [&hellip;]","og_url":"https:\/\/www.dianisearesort.de\/de\/activities\/sports-leisure\/","og_site_name":"DSR","article_publisher":"https:\/\/web.facebook.com\/dianisearesort\/","article_modified_time":"2018-11-01T23:16:30+00:00","og_image":[{"width":1980,"height":1114,"url":"https:\/\/www.dianisearesort.de\/media\/2018\/06\/DSR-PANO-5.jpg","type":"image\/jpeg"}],"twitter_card":"summary_large_image","twitter_misc":{"Gesch\u00e4tzte Lesezeit":"1\u00a0Minute"},"schema":{"@context":"https:\/\/schema.org","@graph":[{"@type":"WebPage","@id":"https:\/\/www.dianisearesort.de\/de\/activities\/sports-leisure\/","url":"https:\/\/www.dianisearesort.de\/de\/activities\/sports-leisure\/","name":"Sport & Freizeit - DSR","isPartOf":{"@id":"https:\/\/www.dianisearesort.de\/de\/#website"},"datePublished":"2018-10-27T14:51:27+00:00","dateModified":"2018-11-01T23:16:30+00:00","breadcrumb":{"@id":"https:\/\/www.dianisearesort.de\/de\/activities\/sports-leisure\/#breadcrumb"},"inLanguage":"de","potentialAction":[{"@type":"ReadAction","target":[["https:\/\/www.dianisearesort.de\/de\/activities\/sports-leisure\/"]]}]},{"@type":"BreadcrumbList","@id":"https:\/\/www.dianisearesort.de\/de\/activities\/sports-leisure\/#breadcrumb","itemListElement":[{"@type":"ListItem","position":1,"name":"Home","item":"https:\/\/www.dianisearesort.de\/de\/"},{"@type":"ListItem","position":2,"name":"Activities","item":"https:\/\/www.dianisearesort.de\/de\/activities\/"},{"@type":"ListItem","position":3,"name":"Sports &#038; Leisure"}]},{"@type":"WebSite","@id":"https:\/\/www.dianisearesort.de\/de\/#website","url":"https:\/\/www.dianisearesort.de\/de\/","name":"DSR","description":"","publisher":{"@id":"https:\/\/www.dianisearesort.de\/de\/#organization"},"potentialAction":[{"@type":"SearchAction","target":{"@type":"EntryPoint","urlTemplate":"https:\/\/www.dianisearesort.de\/de\/?s={search_term_string}"},"query-input":{"@type":"PropertyValueSpecification","valueRequired":true,"valueName":"search_term_string"}}],"inLanguage":"de"},{"@type":"Organization","@id":"https:\/\/www.dianisearesort.de\/de\/#organization","name":"Diani Sea Resort","url":"https:\/\/www.dianisearesort.de\/de\/","logo":{"@type":"ImageObject","inLanguage":"de","@id":"https:\/\/www.dianisearesort.de\/de\/#\/schema\/logo\/image\/","url":"https:\/\/www.dianisearesort.de\/media\/2018\/11\/diani-sea-resort-sq.png","contentUrl":"https:\/\/www.dianisearesort.de\/media\/2018\/11\/diani-sea-resort-sq.png","width":1600,"height":1600,"caption":"Diani Sea Resort"},"image":{"@id":"https:\/\/www.dianisearesort.de\/de\/#\/schema\/logo\/image\/"},"sameAs":["https:\/\/web.facebook.com\/dianisearesort\/","https:\/\/www.instagram.com\/diani_sea_resort\/"]}]}},"_links":{"self":[{"href":"https:\/\/www.dianisearesort.de\/de\/wp-json\/wp\/v2\/pages\/462","targetHints":{"allow":["GET"]}}],"collection":[{"href":"https:\/\/www.dianisearesort.de\/de\/wp-json\/wp\/v2\/pages"}],"about":[{"href":"https:\/\/www.dianisearesort.de\/de\/wp-json\/wp\/v2\/types\/page"}],"author":[{"embeddable":true,"href":"https:\/\/www.dianisearesort.de\/de\/wp-json\/wp\/v2\/users\/2"}],"replies":[{"embeddable":true,"href":"https:\/\/www.dianisearesort.de\/de\/wp-json\/wp\/v2\/comments?post=462"}],"version-history":[{"count":3,"href":"https:\/\/www.dianisearesort.de\/de\/wp-json\/wp\/v2\/pages\/462\/revisions"}],"predecessor-version":[{"id":573,"href":"https:\/\/www.dianisearesort.de\/de\/wp-json\/wp\/v2\/pages\/462\/revisions\/573"}],"up":[{"embeddable":true,"href":"https:\/\/www.dianisearesort.de\/de\/wp-json\/wp\/v2\/pages\/436"}],"wp:attachment":[{"href":"https:\/\/www.dianisearesort.de\/de\/wp-json\/wp\/v2\/media?parent=462"}],"curies":[{"name":"wp","href":"https:\/\/api.w.org\/{rel}","templated":true}]}}