{"id":454,"date":"2018-10-27T14:16:28","date_gmt":"2018-10-27T14:16:28","guid":{"rendered":"https:\/\/www.dianisearesort.de\/?page_id=454"},"modified":"2018-11-02T02:23:48","modified_gmt":"2018-11-01T23:23:48","slug":"boat-trips","status":"publish","type":"page","link":"https:\/\/www.dianisearesort.de\/de\/activities\/boat-trips\/","title":{"rendered":"Bootsfahrten"},"content":{"rendered":"<p><img loading=\"lazy\" decoding=\"async\" class=\"alignnone size-full wp-image-456\" src=\"https:\/\/www.dianisearesort.de\/media\/2018\/10\/IMG_7636.jpg\" alt=\"Boat Trip\" width=\"1980\" height=\"1320\" srcset=\"https:\/\/www.dianisearesort.de\/media\/2018\/10\/IMG_7636.jpg 1980w, https:\/\/www.dianisearesort.de\/media\/2018\/10\/IMG_7636-300x200.jpg 300w, https:\/\/www.dianisearesort.de\/media\/2018\/10\/IMG_7636-768x512.jpg 768w, https:\/\/www.dianisearesort.de\/media\/2018\/10\/IMG_7636-1024x683.jpg 1024w, https:\/\/www.dianisearesort.de\/media\/2018\/10\/IMG_7636-720x480.jpg 720w, https:\/\/www.dianisearesort.de\/media\/2018\/10\/IMG_7636-294x195.jpg 294w\" sizes=\"auto, (max-width: 1980px) 100vw, 1980px\" \/><\/p>\n<p>&nbsp;<\/p>\n<p>Kenia ist bekannt f\u00fcr seine einzigartigen Str\u00e4nde, die vielf\u00e4ltige Fauna, die faszinierende Flora und den warmen Indischen Ozean. Erleben Sie mit unserem externen Anbieter alles, was der Indische Ozean zu bieten hat.<\/p>\n<p>Nun, es ist nicht nur ein gew\u00f6hnliches Boot, sondern eine originale Dhow. Diese Boote haben seit Jahrhunderten den Ozean gesegelt. Die Dhow strahlt einen besonderen Charme aus und bezaubert jeden, der an Bord tritt.<\/p>\n<p>Trotz der langen Geschichte dieser Schiffe ist die Dhow brandneu, erf\u00fcllt selbstverst\u00e4ndlich alle Sicherheitsstandards und ist mit einer Toilette ausgestattet.<\/p>\n<p>Die Dhow bietet ausreichend Platz, um Ihre Freunde und Familie mitzubringen. Es bleibt ausreichend Zeit, um wundersch\u00f6ne Fotos der fantastischen Sehensw\u00fcrdigkeiten zu machen, denen Sie w\u00e4hrend der Dhow-Tour begegnen.<\/p>\n<p>Bitte kontaktieren Sie Aqualand f\u00fcr Ihre Buchung: \u00a0<a href=\"http:\/\/www.aqualand-kenya.com\/\" target=\"_blank\" rel=\"noopener\">www.aqualand-kenya.com<\/a><\/p>","protected":false},"excerpt":{"rendered":"<p>&nbsp; Kenia ist bekannt f\u00fcr seine einzigartigen Str\u00e4nde, die vielf\u00e4ltige Fauna, die faszinierende Flora und den warmen Indischen Ozean. Erleben Sie mit unserem externen Anbieter alles, was der Indische Ozean zu bieten hat. Nun, es ist nicht nur ein gew\u00f6hnliches Boot, sondern eine originale Dhow. Diese Boote haben seit Jahrhunderten den Ozean gesegelt. Die Dhow [&hellip;]<\/p>\n","protected":false},"author":2,"featured_media":0,"parent":436,"menu_order":4,"comment_status":"closed","ping_status":"closed","template":"","meta":{"_acf_changed":false,"footnotes":""},"class_list":["post-454","page","type-page","status-publish","hentry"],"acf":[],"yoast_head":"<!-- This site is optimized with the Yoast SEO plugin v27.4 - https:\/\/yoast.com\/product\/yoast-seo-wordpress\/ -->\n<title>Bootsfahrten - DSR<\/title>\n<meta name=\"robots\" content=\"index, follow, max-snippet:-1, max-image-preview:large, max-video-preview:-1\" \/>\n<link rel=\"canonical\" href=\"https:\/\/www.dianisearesort.de\/de\/activities\/boat-trips\/\" \/>\n<meta property=\"og:locale\" content=\"de_DE\" \/>\n<meta property=\"og:type\" content=\"article\" \/>\n<meta property=\"og:title\" content=\"Bootsfahrten - DSR\" \/>\n<meta property=\"og:description\" content=\"&nbsp; Kenia ist bekannt f\u00fcr seine einzigartigen Str\u00e4nde, die vielf\u00e4ltige Fauna, die faszinierende Flora und den warmen Indischen Ozean. Erleben Sie mit unserem externen Anbieter alles, was der Indische Ozean zu bieten hat. Nun, es ist nicht nur ein gew\u00f6hnliches Boot, sondern eine originale Dhow. Diese Boote haben seit Jahrhunderten den Ozean gesegelt. Die Dhow [&hellip;]\" \/>\n<meta property=\"og:url\" content=\"https:\/\/www.dianisearesort.de\/de\/activities\/boat-trips\/\" \/>\n<meta property=\"og:site_name\" content=\"DSR\" \/>\n<meta property=\"article:publisher\" content=\"https:\/\/web.facebook.com\/dianisearesort\/\" \/>\n<meta property=\"article:modified_time\" content=\"2018-11-01T23:23:48+00:00\" \/>\n<meta property=\"og:image\" content=\"https:\/\/www.dianisearesort.de\/media\/2018\/10\/IMG_7636.jpg\" \/>\n<meta name=\"twitter:card\" content=\"summary_large_image\" \/>\n<meta name=\"twitter:label1\" content=\"Gesch\u00e4tzte Lesezeit\" \/>\n\t<meta name=\"twitter:data1\" content=\"2\u00a0Minuten\" \/>\n<script type=\"application\/ld+json\" class=\"yoast-schema-graph\">{\"@context\":\"https:\\\/\\\/schema.org\",\"@graph\":[{\"@type\":\"WebPage\",\"@id\":\"https:\\\/\\\/www.dianisearesort.de\\\/de\\\/activities\\\/boat-trips\\\/\",\"url\":\"https:\\\/\\\/www.dianisearesort.de\\\/de\\\/activities\\\/boat-trips\\\/\",\"name\":\"Bootsfahrten - DSR\",\"isPartOf\":{\"@id\":\"https:\\\/\\\/www.dianisearesort.de\\\/de\\\/#website\"},\"primaryImageOfPage\":{\"@id\":\"https:\\\/\\\/www.dianisearesort.de\\\/de\\\/activities\\\/boat-trips\\\/#primaryimage\"},\"image\":{\"@id\":\"https:\\\/\\\/www.dianisearesort.de\\\/activities\\\/boat-trips\\\/#primaryimage\"},\"thumbnailUrl\":\"https:\\\/\\\/www.dianisearesort.de\\\/media\\\/2018\\\/10\\\/IMG_7636.jpg\",\"datePublished\":\"2018-10-27T14:16:28+00:00\",\"dateModified\":\"2018-11-01T23:23:48+00:00\",\"breadcrumb\":{\"@id\":\"https:\\\/\\\/www.dianisearesort.de\\\/de\\\/activities\\\/boat-trips\\\/#breadcrumb\"},\"inLanguage\":\"de\",\"potentialAction\":[{\"@type\":\"ReadAction\",\"target\":[[\"https:\\\/\\\/www.dianisearesort.de\\\/de\\\/activities\\\/boat-trips\\\/\"]]}]},{\"@type\":\"ImageObject\",\"inLanguage\":\"de\",\"@id\":\"https:\\\/\\\/www.dianisearesort.de\\\/de\\\/activities\\\/boat-trips\\\/#primaryimage\",\"url\":\"https:\\\/\\\/www.dianisearesort.de\\\/media\\\/2018\\\/10\\\/IMG_7636.jpg\",\"contentUrl\":\"https:\\\/\\\/www.dianisearesort.de\\\/media\\\/2018\\\/10\\\/IMG_7636.jpg\"},{\"@type\":\"BreadcrumbList\",\"@id\":\"https:\\\/\\\/www.dianisearesort.de\\\/de\\\/activities\\\/boat-trips\\\/#breadcrumb\",\"itemListElement\":[{\"@type\":\"ListItem\",\"position\":1,\"name\":\"Home\",\"item\":\"https:\\\/\\\/www.dianisearesort.de\\\/de\\\/\"},{\"@type\":\"ListItem\",\"position\":2,\"name\":\"Activities\",\"item\":\"https:\\\/\\\/www.dianisearesort.de\\\/de\\\/activities\\\/\"},{\"@type\":\"ListItem\",\"position\":3,\"name\":\"Boat trips\"}]},{\"@type\":\"WebSite\",\"@id\":\"https:\\\/\\\/www.dianisearesort.de\\\/de\\\/#website\",\"url\":\"https:\\\/\\\/www.dianisearesort.de\\\/de\\\/\",\"name\":\"DSR\",\"description\":\"\",\"publisher\":{\"@id\":\"https:\\\/\\\/www.dianisearesort.de\\\/de\\\/#organization\"},\"potentialAction\":[{\"@type\":\"SearchAction\",\"target\":{\"@type\":\"EntryPoint\",\"urlTemplate\":\"https:\\\/\\\/www.dianisearesort.de\\\/de\\\/?s={search_term_string}\"},\"query-input\":{\"@type\":\"PropertyValueSpecification\",\"valueRequired\":true,\"valueName\":\"search_term_string\"}}],\"inLanguage\":\"de\"},{\"@type\":\"Organization\",\"@id\":\"https:\\\/\\\/www.dianisearesort.de\\\/de\\\/#organization\",\"name\":\"Diani Sea Resort\",\"url\":\"https:\\\/\\\/www.dianisearesort.de\\\/de\\\/\",\"logo\":{\"@type\":\"ImageObject\",\"inLanguage\":\"de\",\"@id\":\"https:\\\/\\\/www.dianisearesort.de\\\/de\\\/#\\\/schema\\\/logo\\\/image\\\/\",\"url\":\"https:\\\/\\\/www.dianisearesort.de\\\/media\\\/2018\\\/11\\\/diani-sea-resort-sq.png\",\"contentUrl\":\"https:\\\/\\\/www.dianisearesort.de\\\/media\\\/2018\\\/11\\\/diani-sea-resort-sq.png\",\"width\":1600,\"height\":1600,\"caption\":\"Diani Sea Resort\"},\"image\":{\"@id\":\"https:\\\/\\\/www.dianisearesort.de\\\/de\\\/#\\\/schema\\\/logo\\\/image\\\/\"},\"sameAs\":[\"https:\\\/\\\/web.facebook.com\\\/dianisearesort\\\/\",\"https:\\\/\\\/www.instagram.com\\\/diani_sea_resort\\\/\"]}]}<\/script>\n<!-- \/ Yoast SEO plugin. -->","yoast_head_json":{"title":"Bootsfahrten - DSR","robots":{"index":"index","follow":"follow","max-snippet":"max-snippet:-1","max-image-preview":"max-image-preview:large","max-video-preview":"max-video-preview:-1"},"canonical":"https:\/\/www.dianisearesort.de\/de\/activities\/boat-trips\/","og_locale":"de_DE","og_type":"article","og_title":"Bootsfahrten - DSR","og_description":"&nbsp; Kenia ist bekannt f\u00fcr seine einzigartigen Str\u00e4nde, die vielf\u00e4ltige Fauna, die faszinierende Flora und den warmen Indischen Ozean. Erleben Sie mit unserem externen Anbieter alles, was der Indische Ozean zu bieten hat. Nun, es ist nicht nur ein gew\u00f6hnliches Boot, sondern eine originale Dhow. Diese Boote haben seit Jahrhunderten den Ozean gesegelt. Die Dhow [&hellip;]","og_url":"https:\/\/www.dianisearesort.de\/de\/activities\/boat-trips\/","og_site_name":"DSR","article_publisher":"https:\/\/web.facebook.com\/dianisearesort\/","article_modified_time":"2018-11-01T23:23:48+00:00","og_image":[{"url":"https:\/\/www.dianisearesort.de\/media\/2018\/10\/IMG_7636.jpg","type":"","width":"","height":""}],"twitter_card":"summary_large_image","twitter_misc":{"Gesch\u00e4tzte Lesezeit":"2\u00a0Minuten"},"schema":{"@context":"https:\/\/schema.org","@graph":[{"@type":"WebPage","@id":"https:\/\/www.dianisearesort.de\/de\/activities\/boat-trips\/","url":"https:\/\/www.dianisearesort.de\/de\/activities\/boat-trips\/","name":"Bootsfahrten - DSR","isPartOf":{"@id":"https:\/\/www.dianisearesort.de\/de\/#website"},"primaryImageOfPage":{"@id":"https:\/\/www.dianisearesort.de\/de\/activities\/boat-trips\/#primaryimage"},"image":{"@id":"https:\/\/www.dianisearesort.de\/activities\/boat-trips\/#primaryimage"},"thumbnailUrl":"https:\/\/www.dianisearesort.de\/media\/2018\/10\/IMG_7636.jpg","datePublished":"2018-10-27T14:16:28+00:00","dateModified":"2018-11-01T23:23:48+00:00","breadcrumb":{"@id":"https:\/\/www.dianisearesort.de\/de\/activities\/boat-trips\/#breadcrumb"},"inLanguage":"de","potentialAction":[{"@type":"ReadAction","target":[["https:\/\/www.dianisearesort.de\/de\/activities\/boat-trips\/"]]}]},{"@type":"ImageObject","inLanguage":"de","@id":"https:\/\/www.dianisearesort.de\/de\/activities\/boat-trips\/#primaryimage","url":"https:\/\/www.dianisearesort.de\/media\/2018\/10\/IMG_7636.jpg","contentUrl":"https:\/\/www.dianisearesort.de\/media\/2018\/10\/IMG_7636.jpg"},{"@type":"BreadcrumbList","@id":"https:\/\/www.dianisearesort.de\/de\/activities\/boat-trips\/#breadcrumb","itemListElement":[{"@type":"ListItem","position":1,"name":"Home","item":"https:\/\/www.dianisearesort.de\/de\/"},{"@type":"ListItem","position":2,"name":"Activities","item":"https:\/\/www.dianisearesort.de\/de\/activities\/"},{"@type":"ListItem","position":3,"name":"Boat trips"}]},{"@type":"WebSite","@id":"https:\/\/www.dianisearesort.de\/de\/#website","url":"https:\/\/www.dianisearesort.de\/de\/","name":"DSR","description":"","publisher":{"@id":"https:\/\/www.dianisearesort.de\/de\/#organization"},"potentialAction":[{"@type":"SearchAction","target":{"@type":"EntryPoint","urlTemplate":"https:\/\/www.dianisearesort.de\/de\/?s={search_term_string}"},"query-input":{"@type":"PropertyValueSpecification","valueRequired":true,"valueName":"search_term_string"}}],"inLanguage":"de"},{"@type":"Organization","@id":"https:\/\/www.dianisearesort.de\/de\/#organization","name":"Diani Sea Resort","url":"https:\/\/www.dianisearesort.de\/de\/","logo":{"@type":"ImageObject","inLanguage":"de","@id":"https:\/\/www.dianisearesort.de\/de\/#\/schema\/logo\/image\/","url":"https:\/\/www.dianisearesort.de\/media\/2018\/11\/diani-sea-resort-sq.png","contentUrl":"https:\/\/www.dianisearesort.de\/media\/2018\/11\/diani-sea-resort-sq.png","width":1600,"height":1600,"caption":"Diani Sea Resort"},"image":{"@id":"https:\/\/www.dianisearesort.de\/de\/#\/schema\/logo\/image\/"},"sameAs":["https:\/\/web.facebook.com\/dianisearesort\/","https:\/\/www.instagram.com\/diani_sea_resort\/"]}]}},"_links":{"self":[{"href":"https:\/\/www.dianisearesort.de\/de\/wp-json\/wp\/v2\/pages\/454","targetHints":{"allow":["GET"]}}],"collection":[{"href":"https:\/\/www.dianisearesort.de\/de\/wp-json\/wp\/v2\/pages"}],"about":[{"href":"https:\/\/www.dianisearesort.de\/de\/wp-json\/wp\/v2\/types\/page"}],"author":[{"embeddable":true,"href":"https:\/\/www.dianisearesort.de\/de\/wp-json\/wp\/v2\/users\/2"}],"replies":[{"embeddable":true,"href":"https:\/\/www.dianisearesort.de\/de\/wp-json\/wp\/v2\/comments?post=454"}],"version-history":[{"count":5,"href":"https:\/\/www.dianisearesort.de\/de\/wp-json\/wp\/v2\/pages\/454\/revisions"}],"predecessor-version":[{"id":578,"href":"https:\/\/www.dianisearesort.de\/de\/wp-json\/wp\/v2\/pages\/454\/revisions\/578"}],"up":[{"embeddable":true,"href":"https:\/\/www.dianisearesort.de\/de\/wp-json\/wp\/v2\/pages\/436"}],"wp:attachment":[{"href":"https:\/\/www.dianisearesort.de\/de\/wp-json\/wp\/v2\/media?parent=454"}],"curies":[{"name":"wp","href":"https:\/\/api.w.org\/{rel}","templated":true}]}}