{"id":447,"date":"2018-10-27T13:29:15","date_gmt":"2018-10-27T13:29:15","guid":{"rendered":"https:\/\/www.dianisearesort.de\/?page_id=447"},"modified":"2024-06-17T07:16:38","modified_gmt":"2024-06-17T04:16:38","slug":"kitesurfing","status":"publish","type":"page","link":"https:\/\/www.dianisearesort.de\/de\/activities\/kitesurfing\/","title":{"rendered":"Kitesurfen"},"content":{"rendered":"<p><img loading=\"lazy\" decoding=\"async\" class=\"alignnone size-full wp-image-452\" src=\"https:\/\/www.dianisearesort.de\/media\/2018\/10\/IMG_4451.jpg\" alt=\"Kite Surf Diani Beach\" width=\"1980\" height=\"1320\" srcset=\"https:\/\/www.dianisearesort.de\/media\/2018\/10\/IMG_4451.jpg 1980w, https:\/\/www.dianisearesort.de\/media\/2018\/10\/IMG_4451-300x200.jpg 300w, https:\/\/www.dianisearesort.de\/media\/2018\/10\/IMG_4451-768x512.jpg 768w, https:\/\/www.dianisearesort.de\/media\/2018\/10\/IMG_4451-1024x683.jpg 1024w, https:\/\/www.dianisearesort.de\/media\/2018\/10\/IMG_4451-720x480.jpg 720w, https:\/\/www.dianisearesort.de\/media\/2018\/10\/IMG_4451-294x195.jpg 294w\" sizes=\"auto, (max-width: 1980px) 100vw, 1980px\" \/><\/p>\n<p>&nbsp;<\/p>\n<p>Dieser Teil Kenias ist f\u00fcr seine erstklassigen Wassersportbedingungen bekannt und bietet wundersch\u00f6ne wei\u00dfe Sandstr\u00e4nde, t\u00fcrkisfarbene Lagunen, weitl\u00e4ufiges Riff f\u00fcr Wellenreit-Enthusiasten. Ganzjaehrig haben wir Passatwinde. Diese Kombination gew\u00e4hrleistet eine schnelle, dynamische Lernkurve, unabh\u00e4ngig davon, ob Sie ein Anf\u00e4nger sind, der in den Sport einsteigen m\u00f6chte, oder ein fortgeschrittenes Profi-Training f\u00fcr die kommende Saison anstreben. Die Kiteschule bietet Lagerm\u00f6glichkeiten f\u00fcr Ihre Ausr\u00fcstung gegen Geb\u00fchr. Wenn Sie Rat oder Unterricht suchen, ist das Diani Sea Resorts nur einen kurzen Spaziergang von der Kite254 Kiteboarding School entfernt.<\/p>\n<p>Kite254 bietet f\u00fcr alle Niveaus etwas, eine umfassende Einf\u00fchrung fuer Anf\u00e4nger, die zum ersten Mal an Kiten moechten, als auch f\u00fcr diejenigen von Ihnen, die bereits begeisterte Fanatiker sind und weiter vorankommen m\u00f6chten. Sei es Wave Riding, Freestyle oder einfach nur Freeriden.<\/p>\n<p>Neben dem Unterricht k\u00f6nnen Sie auch Leihausr\u00fcstung anmieten. Quest bietet auch einen kompletten Reparaturservice f\u00fcr Kites und Boards an.<\/p>\n<p>Quest kann lokale Diani-Downwinder arrangieren, bei denen sie der K\u00fcste auf dem Wasser folgen und in den Wellen des Riffs spielen. Diese Reisen sind sehr beliebt und bieten verschiedene Abfahrts- und Abholpunkte f\u00fcr alle, die einen Nachmittag voller Spa\u00df oder eine komplette Downwinder-Expedition suchen!<\/p>\n<p>Weitere Informationen erhalten Sie von Kite254: <a href=\"https:\/\/www.kite254.com\/\" target=\"_blank\" rel=\"noopener\">www.kite254.com<\/a>\u00a0\u00a0<a href=\"mailto:info@kite254.com\"><strong>info@kite254.com<\/strong><\/a><\/p>","protected":false},"excerpt":{"rendered":"<p>&nbsp; Dieser Teil Kenias ist f\u00fcr seine erstklassigen Wassersportbedingungen bekannt und bietet wundersch\u00f6ne wei\u00dfe Sandstr\u00e4nde, t\u00fcrkisfarbene Lagunen, weitl\u00e4ufiges Riff f\u00fcr Wellenreit-Enthusiasten. Ganzjaehrig haben wir Passatwinde. Diese Kombination gew\u00e4hrleistet eine schnelle, dynamische Lernkurve, unabh\u00e4ngig davon, ob Sie ein Anf\u00e4nger sind, der in den Sport einsteigen m\u00f6chte, oder ein fortgeschrittenes Profi-Training f\u00fcr die kommende Saison anstreben. Die [&hellip;]<\/p>\n","protected":false},"author":2,"featured_media":0,"parent":436,"menu_order":3,"comment_status":"closed","ping_status":"closed","template":"","meta":{"_acf_changed":false,"footnotes":""},"class_list":["post-447","page","type-page","status-publish","hentry"],"acf":[],"yoast_head":"<!-- This site is optimized with the Yoast SEO plugin v27.4 - https:\/\/yoast.com\/product\/yoast-seo-wordpress\/ -->\n<title>Kitesurfen - DSR<\/title>\n<meta name=\"robots\" content=\"index, follow, max-snippet:-1, max-image-preview:large, max-video-preview:-1\" \/>\n<link rel=\"canonical\" href=\"https:\/\/www.dianisearesort.de\/de\/activities\/kitesurfing\/\" \/>\n<meta property=\"og:locale\" content=\"de_DE\" \/>\n<meta property=\"og:type\" content=\"article\" \/>\n<meta property=\"og:title\" content=\"Kitesurfen - DSR\" \/>\n<meta property=\"og:description\" content=\"&nbsp; Dieser Teil Kenias ist f\u00fcr seine erstklassigen Wassersportbedingungen bekannt und bietet wundersch\u00f6ne wei\u00dfe Sandstr\u00e4nde, t\u00fcrkisfarbene Lagunen, weitl\u00e4ufiges Riff f\u00fcr Wellenreit-Enthusiasten. Ganzjaehrig haben wir Passatwinde. Diese Kombination gew\u00e4hrleistet eine schnelle, dynamische Lernkurve, unabh\u00e4ngig davon, ob Sie ein Anf\u00e4nger sind, der in den Sport einsteigen m\u00f6chte, oder ein fortgeschrittenes Profi-Training f\u00fcr die kommende Saison anstreben. Die [&hellip;]\" \/>\n<meta property=\"og:url\" content=\"https:\/\/www.dianisearesort.de\/de\/activities\/kitesurfing\/\" \/>\n<meta property=\"og:site_name\" content=\"DSR\" \/>\n<meta property=\"article:publisher\" content=\"https:\/\/web.facebook.com\/dianisearesort\/\" \/>\n<meta property=\"article:modified_time\" content=\"2024-06-17T04:16:38+00:00\" \/>\n<meta property=\"og:image\" content=\"https:\/\/www.dianisearesort.de\/media\/2018\/10\/IMG_4451.jpg\" \/>\n<meta name=\"twitter:card\" content=\"summary_large_image\" \/>\n<meta name=\"twitter:label1\" content=\"Gesch\u00e4tzte Lesezeit\" \/>\n\t<meta name=\"twitter:data1\" content=\"3\u00a0Minuten\" \/>\n<script type=\"application\/ld+json\" class=\"yoast-schema-graph\">{\"@context\":\"https:\\\/\\\/schema.org\",\"@graph\":[{\"@type\":\"WebPage\",\"@id\":\"https:\\\/\\\/www.dianisearesort.de\\\/de\\\/activities\\\/kitesurfing\\\/\",\"url\":\"https:\\\/\\\/www.dianisearesort.de\\\/de\\\/activities\\\/kitesurfing\\\/\",\"name\":\"Kitesurfen - DSR\",\"isPartOf\":{\"@id\":\"https:\\\/\\\/www.dianisearesort.de\\\/de\\\/#website\"},\"primaryImageOfPage\":{\"@id\":\"https:\\\/\\\/www.dianisearesort.de\\\/de\\\/activities\\\/kitesurfing\\\/#primaryimage\"},\"image\":{\"@id\":\"https:\\\/\\\/www.dianisearesort.de\\\/activities\\\/kitesurfing\\\/#primaryimage\"},\"thumbnailUrl\":\"https:\\\/\\\/www.dianisearesort.de\\\/media\\\/2018\\\/10\\\/IMG_4451.jpg\",\"datePublished\":\"2018-10-27T13:29:15+00:00\",\"dateModified\":\"2024-06-17T04:16:38+00:00\",\"breadcrumb\":{\"@id\":\"https:\\\/\\\/www.dianisearesort.de\\\/de\\\/activities\\\/kitesurfing\\\/#breadcrumb\"},\"inLanguage\":\"de\",\"potentialAction\":[{\"@type\":\"ReadAction\",\"target\":[[\"https:\\\/\\\/www.dianisearesort.de\\\/de\\\/activities\\\/kitesurfing\\\/\"]]}]},{\"@type\":\"ImageObject\",\"inLanguage\":\"de\",\"@id\":\"https:\\\/\\\/www.dianisearesort.de\\\/de\\\/activities\\\/kitesurfing\\\/#primaryimage\",\"url\":\"https:\\\/\\\/www.dianisearesort.de\\\/media\\\/2018\\\/10\\\/IMG_4451.jpg\",\"contentUrl\":\"https:\\\/\\\/www.dianisearesort.de\\\/media\\\/2018\\\/10\\\/IMG_4451.jpg\"},{\"@type\":\"BreadcrumbList\",\"@id\":\"https:\\\/\\\/www.dianisearesort.de\\\/de\\\/activities\\\/kitesurfing\\\/#breadcrumb\",\"itemListElement\":[{\"@type\":\"ListItem\",\"position\":1,\"name\":\"Home\",\"item\":\"https:\\\/\\\/www.dianisearesort.de\\\/de\\\/\"},{\"@type\":\"ListItem\",\"position\":2,\"name\":\"Activities\",\"item\":\"https:\\\/\\\/www.dianisearesort.de\\\/de\\\/activities\\\/\"},{\"@type\":\"ListItem\",\"position\":3,\"name\":\"Kitesurfing\"}]},{\"@type\":\"WebSite\",\"@id\":\"https:\\\/\\\/www.dianisearesort.de\\\/de\\\/#website\",\"url\":\"https:\\\/\\\/www.dianisearesort.de\\\/de\\\/\",\"name\":\"DSR\",\"description\":\"\",\"publisher\":{\"@id\":\"https:\\\/\\\/www.dianisearesort.de\\\/de\\\/#organization\"},\"potentialAction\":[{\"@type\":\"SearchAction\",\"target\":{\"@type\":\"EntryPoint\",\"urlTemplate\":\"https:\\\/\\\/www.dianisearesort.de\\\/de\\\/?s={search_term_string}\"},\"query-input\":{\"@type\":\"PropertyValueSpecification\",\"valueRequired\":true,\"valueName\":\"search_term_string\"}}],\"inLanguage\":\"de\"},{\"@type\":\"Organization\",\"@id\":\"https:\\\/\\\/www.dianisearesort.de\\\/de\\\/#organization\",\"name\":\"Diani Sea Resort\",\"url\":\"https:\\\/\\\/www.dianisearesort.de\\\/de\\\/\",\"logo\":{\"@type\":\"ImageObject\",\"inLanguage\":\"de\",\"@id\":\"https:\\\/\\\/www.dianisearesort.de\\\/de\\\/#\\\/schema\\\/logo\\\/image\\\/\",\"url\":\"https:\\\/\\\/www.dianisearesort.de\\\/media\\\/2018\\\/11\\\/diani-sea-resort-sq.png\",\"contentUrl\":\"https:\\\/\\\/www.dianisearesort.de\\\/media\\\/2018\\\/11\\\/diani-sea-resort-sq.png\",\"width\":1600,\"height\":1600,\"caption\":\"Diani Sea Resort\"},\"image\":{\"@id\":\"https:\\\/\\\/www.dianisearesort.de\\\/de\\\/#\\\/schema\\\/logo\\\/image\\\/\"},\"sameAs\":[\"https:\\\/\\\/web.facebook.com\\\/dianisearesort\\\/\",\"https:\\\/\\\/www.instagram.com\\\/diani_sea_resort\\\/\"]}]}<\/script>\n<!-- \/ Yoast SEO plugin. -->","yoast_head_json":{"title":"Kitesurfen - DSR","robots":{"index":"index","follow":"follow","max-snippet":"max-snippet:-1","max-image-preview":"max-image-preview:large","max-video-preview":"max-video-preview:-1"},"canonical":"https:\/\/www.dianisearesort.de\/de\/activities\/kitesurfing\/","og_locale":"de_DE","og_type":"article","og_title":"Kitesurfen - DSR","og_description":"&nbsp; Dieser Teil Kenias ist f\u00fcr seine erstklassigen Wassersportbedingungen bekannt und bietet wundersch\u00f6ne wei\u00dfe Sandstr\u00e4nde, t\u00fcrkisfarbene Lagunen, weitl\u00e4ufiges Riff f\u00fcr Wellenreit-Enthusiasten. Ganzjaehrig haben wir Passatwinde. Diese Kombination gew\u00e4hrleistet eine schnelle, dynamische Lernkurve, unabh\u00e4ngig davon, ob Sie ein Anf\u00e4nger sind, der in den Sport einsteigen m\u00f6chte, oder ein fortgeschrittenes Profi-Training f\u00fcr die kommende Saison anstreben. Die [&hellip;]","og_url":"https:\/\/www.dianisearesort.de\/de\/activities\/kitesurfing\/","og_site_name":"DSR","article_publisher":"https:\/\/web.facebook.com\/dianisearesort\/","article_modified_time":"2024-06-17T04:16:38+00:00","og_image":[{"url":"https:\/\/www.dianisearesort.de\/media\/2018\/10\/IMG_4451.jpg","type":"","width":"","height":""}],"twitter_card":"summary_large_image","twitter_misc":{"Gesch\u00e4tzte Lesezeit":"3\u00a0Minuten"},"schema":{"@context":"https:\/\/schema.org","@graph":[{"@type":"WebPage","@id":"https:\/\/www.dianisearesort.de\/de\/activities\/kitesurfing\/","url":"https:\/\/www.dianisearesort.de\/de\/activities\/kitesurfing\/","name":"Kitesurfen - DSR","isPartOf":{"@id":"https:\/\/www.dianisearesort.de\/de\/#website"},"primaryImageOfPage":{"@id":"https:\/\/www.dianisearesort.de\/de\/activities\/kitesurfing\/#primaryimage"},"image":{"@id":"https:\/\/www.dianisearesort.de\/activities\/kitesurfing\/#primaryimage"},"thumbnailUrl":"https:\/\/www.dianisearesort.de\/media\/2018\/10\/IMG_4451.jpg","datePublished":"2018-10-27T13:29:15+00:00","dateModified":"2024-06-17T04:16:38+00:00","breadcrumb":{"@id":"https:\/\/www.dianisearesort.de\/de\/activities\/kitesurfing\/#breadcrumb"},"inLanguage":"de","potentialAction":[{"@type":"ReadAction","target":[["https:\/\/www.dianisearesort.de\/de\/activities\/kitesurfing\/"]]}]},{"@type":"ImageObject","inLanguage":"de","@id":"https:\/\/www.dianisearesort.de\/de\/activities\/kitesurfing\/#primaryimage","url":"https:\/\/www.dianisearesort.de\/media\/2018\/10\/IMG_4451.jpg","contentUrl":"https:\/\/www.dianisearesort.de\/media\/2018\/10\/IMG_4451.jpg"},{"@type":"BreadcrumbList","@id":"https:\/\/www.dianisearesort.de\/de\/activities\/kitesurfing\/#breadcrumb","itemListElement":[{"@type":"ListItem","position":1,"name":"Home","item":"https:\/\/www.dianisearesort.de\/de\/"},{"@type":"ListItem","position":2,"name":"Activities","item":"https:\/\/www.dianisearesort.de\/de\/activities\/"},{"@type":"ListItem","position":3,"name":"Kitesurfing"}]},{"@type":"WebSite","@id":"https:\/\/www.dianisearesort.de\/de\/#website","url":"https:\/\/www.dianisearesort.de\/de\/","name":"DSR","description":"","publisher":{"@id":"https:\/\/www.dianisearesort.de\/de\/#organization"},"potentialAction":[{"@type":"SearchAction","target":{"@type":"EntryPoint","urlTemplate":"https:\/\/www.dianisearesort.de\/de\/?s={search_term_string}"},"query-input":{"@type":"PropertyValueSpecification","valueRequired":true,"valueName":"search_term_string"}}],"inLanguage":"de"},{"@type":"Organization","@id":"https:\/\/www.dianisearesort.de\/de\/#organization","name":"Diani Sea Resort","url":"https:\/\/www.dianisearesort.de\/de\/","logo":{"@type":"ImageObject","inLanguage":"de","@id":"https:\/\/www.dianisearesort.de\/de\/#\/schema\/logo\/image\/","url":"https:\/\/www.dianisearesort.de\/media\/2018\/11\/diani-sea-resort-sq.png","contentUrl":"https:\/\/www.dianisearesort.de\/media\/2018\/11\/diani-sea-resort-sq.png","width":1600,"height":1600,"caption":"Diani Sea Resort"},"image":{"@id":"https:\/\/www.dianisearesort.de\/de\/#\/schema\/logo\/image\/"},"sameAs":["https:\/\/web.facebook.com\/dianisearesort\/","https:\/\/www.instagram.com\/diani_sea_resort\/"]}]}},"_links":{"self":[{"href":"https:\/\/www.dianisearesort.de\/de\/wp-json\/wp\/v2\/pages\/447","targetHints":{"allow":["GET"]}}],"collection":[{"href":"https:\/\/www.dianisearesort.de\/de\/wp-json\/wp\/v2\/pages"}],"about":[{"href":"https:\/\/www.dianisearesort.de\/de\/wp-json\/wp\/v2\/types\/page"}],"author":[{"embeddable":true,"href":"https:\/\/www.dianisearesort.de\/de\/wp-json\/wp\/v2\/users\/2"}],"replies":[{"embeddable":true,"href":"https:\/\/www.dianisearesort.de\/de\/wp-json\/wp\/v2\/comments?post=447"}],"version-history":[{"count":17,"href":"https:\/\/www.dianisearesort.de\/de\/wp-json\/wp\/v2\/pages\/447\/revisions"}],"predecessor-version":[{"id":10677,"href":"https:\/\/www.dianisearesort.de\/de\/wp-json\/wp\/v2\/pages\/447\/revisions\/10677"}],"up":[{"embeddable":true,"href":"https:\/\/www.dianisearesort.de\/de\/wp-json\/wp\/v2\/pages\/436"}],"wp:attachment":[{"href":"https:\/\/www.dianisearesort.de\/de\/wp-json\/wp\/v2\/media?parent=447"}],"curies":[{"name":"wp","href":"https:\/\/api.w.org\/{rel}","templated":true}]}}