{"id":442,"date":"2018-10-27T13:25:54","date_gmt":"2018-10-27T13:25:54","guid":{"rendered":"https:\/\/www.dianisearesort.de\/?page_id=442"},"modified":"2018-11-02T02:20:44","modified_gmt":"2018-11-01T23:20:44","slug":"diving","status":"publish","type":"page","link":"https:\/\/www.dianisearesort.de\/de\/activities\/diving\/","title":{"rendered":"Tauchen"},"content":{"rendered":"<p><img loading=\"lazy\" decoding=\"async\" class=\"alignnone size-full wp-image-450\" src=\"https:\/\/www.dianisearesort.de\/media\/2018\/10\/diving2-2.jpg\" alt=\"Scuba Diving\" width=\"1499\" height=\"999\" srcset=\"https:\/\/www.dianisearesort.de\/media\/2018\/10\/diving2-2.jpg 1499w, https:\/\/www.dianisearesort.de\/media\/2018\/10\/diving2-2-300x200.jpg 300w, https:\/\/www.dianisearesort.de\/media\/2018\/10\/diving2-2-768x512.jpg 768w, https:\/\/www.dianisearesort.de\/media\/2018\/10\/diving2-2-1024x682.jpg 1024w, https:\/\/www.dianisearesort.de\/media\/2018\/10\/diving2-2-720x480.jpg 720w, https:\/\/www.dianisearesort.de\/media\/2018\/10\/diving2-2-294x195.jpg 294w\" sizes=\"auto, (max-width: 1499px) 100vw, 1499px\" \/><\/p>\n<p>&nbsp;<\/p>\n<p>Tauchen ist faszinierend. W\u00e4hrend Menschen gewohnt sind, an Land herumzulaufen, betritt der Taucher eine fuer ihn unnat\u00fcrliche Umgebung und bewegt sich unter Wasser. Hier wird er einer Welt pr\u00e4sentiert, die darauf wartet, entdeckt zu werden. Der Gro\u00dfteil der Erde ist mit Wasser bedeckt, weite Bereiche sind vor unserer Sicht verborgen und k\u00f6nnen nur durch eine Tauchmaske gesehen werden. Dies zieht Taucher an abgelegene Orte auf der ganzen Welt. Ein ganz besonderer ist Diani Beach. Es ist nicht nur ein wunderbarer Ort mit freundlichen Menschen, exotischen Tieren und unber\u00fchrter Natur, sondern auch eine Unterwasserwelt voller visueller Sch\u00e4tze.<\/p>\n<p>Der Indische Ozean ist sehr warm und ist f\u00fcr seine sch\u00f6ne Farbe und die seltenen Fische bekannt. Fast jeden Tag steht die Sonne hoch \u00fcber dem Meer ohne eine Wolke am Himmel. Der strahlend blaue Himmel bietet optimale Sichtbedingungen unter der Wasseroberfl\u00e4che. Hier im Diani Sea Resort freuen wir uns besonders \u00fcber Taucher, die sich f\u00fcr diese magische Landschaft interessieren.<\/p>\n<p>Unser Tauchschulpartner Diani Marine ist vor Ort und bietet Ihnen das beste Taucherlebnis f\u00fcr Anf\u00e4nger und Profis. Unser Tauchschulpartner bietet kostenlose Einf\u00fchrungskurse in unserem Pool an und f\u00fcr Fortgeschrittene k\u00f6nnen Sie einige interessante Vorschl\u00e4ge f\u00fcr gute Tauchpl\u00e4tze in der Umgebung machen. Die Tauchschule vermietet Ausr\u00fcstung vor Ort. Der Tauchlehrer kann auch alle Ihre Fragen zu diesem faszinierenden Sport beantworten und Tauchkurse f\u00fcr Anf\u00e4nger, Fortgeschrittene und Profis anbieten.<\/p>\n<p>Bitte kontaktieren Sie <a href=\"mailto:info@dianimarine.com\">info@dianimarine.com<\/a> f\u00fcr weitere Informationen<\/p>","protected":false},"excerpt":{"rendered":"<p>&nbsp; Tauchen ist faszinierend. W\u00e4hrend Menschen gewohnt sind, an Land herumzulaufen, betritt der Taucher eine fuer ihn unnat\u00fcrliche Umgebung und bewegt sich unter Wasser. Hier wird er einer Welt pr\u00e4sentiert, die darauf wartet, entdeckt zu werden. Der Gro\u00dfteil der Erde ist mit Wasser bedeckt, weite Bereiche sind vor unserer Sicht verborgen und k\u00f6nnen nur durch [&hellip;]<\/p>\n","protected":false},"author":2,"featured_media":0,"parent":436,"menu_order":2,"comment_status":"closed","ping_status":"closed","template":"","meta":{"_acf_changed":false,"footnotes":""},"class_list":["post-442","page","type-page","status-publish","hentry"],"acf":[],"yoast_head":"<!-- This site is optimized with the Yoast SEO plugin v27.4 - https:\/\/yoast.com\/product\/yoast-seo-wordpress\/ -->\n<title>Tauchen - DSR<\/title>\n<meta name=\"robots\" content=\"index, follow, max-snippet:-1, max-image-preview:large, max-video-preview:-1\" \/>\n<link rel=\"canonical\" href=\"https:\/\/www.dianisearesort.de\/de\/activities\/diving\/\" \/>\n<meta property=\"og:locale\" content=\"de_DE\" \/>\n<meta property=\"og:type\" content=\"article\" \/>\n<meta property=\"og:title\" content=\"Tauchen - DSR\" \/>\n<meta property=\"og:description\" content=\"&nbsp; Tauchen ist faszinierend. W\u00e4hrend Menschen gewohnt sind, an Land herumzulaufen, betritt der Taucher eine fuer ihn unnat\u00fcrliche Umgebung und bewegt sich unter Wasser. Hier wird er einer Welt pr\u00e4sentiert, die darauf wartet, entdeckt zu werden. Der Gro\u00dfteil der Erde ist mit Wasser bedeckt, weite Bereiche sind vor unserer Sicht verborgen und k\u00f6nnen nur durch [&hellip;]\" \/>\n<meta property=\"og:url\" content=\"https:\/\/www.dianisearesort.de\/de\/activities\/diving\/\" \/>\n<meta property=\"og:site_name\" content=\"DSR\" \/>\n<meta property=\"article:publisher\" content=\"https:\/\/web.facebook.com\/dianisearesort\/\" \/>\n<meta property=\"article:modified_time\" content=\"2018-11-01T23:20:44+00:00\" \/>\n<meta property=\"og:image\" content=\"https:\/\/www.dianisearesort.de\/media\/2018\/10\/diving2-2.jpg\" \/>\n<meta name=\"twitter:card\" content=\"summary_large_image\" \/>\n<meta name=\"twitter:label1\" content=\"Gesch\u00e4tzte Lesezeit\" \/>\n\t<meta name=\"twitter:data1\" content=\"3\u00a0Minuten\" \/>\n<script type=\"application\/ld+json\" class=\"yoast-schema-graph\">{\"@context\":\"https:\\\/\\\/schema.org\",\"@graph\":[{\"@type\":\"WebPage\",\"@id\":\"https:\\\/\\\/www.dianisearesort.de\\\/de\\\/activities\\\/diving\\\/\",\"url\":\"https:\\\/\\\/www.dianisearesort.de\\\/de\\\/activities\\\/diving\\\/\",\"name\":\"Tauchen - DSR\",\"isPartOf\":{\"@id\":\"https:\\\/\\\/www.dianisearesort.de\\\/de\\\/#website\"},\"primaryImageOfPage\":{\"@id\":\"https:\\\/\\\/www.dianisearesort.de\\\/de\\\/activities\\\/diving\\\/#primaryimage\"},\"image\":{\"@id\":\"https:\\\/\\\/www.dianisearesort.de\\\/activities\\\/diving\\\/#primaryimage\"},\"thumbnailUrl\":\"https:\\\/\\\/www.dianisearesort.de\\\/media\\\/2018\\\/10\\\/diving2-2.jpg\",\"datePublished\":\"2018-10-27T13:25:54+00:00\",\"dateModified\":\"2018-11-01T23:20:44+00:00\",\"breadcrumb\":{\"@id\":\"https:\\\/\\\/www.dianisearesort.de\\\/de\\\/activities\\\/diving\\\/#breadcrumb\"},\"inLanguage\":\"de\",\"potentialAction\":[{\"@type\":\"ReadAction\",\"target\":[[\"https:\\\/\\\/www.dianisearesort.de\\\/de\\\/activities\\\/diving\\\/\"]]}]},{\"@type\":\"ImageObject\",\"inLanguage\":\"de\",\"@id\":\"https:\\\/\\\/www.dianisearesort.de\\\/de\\\/activities\\\/diving\\\/#primaryimage\",\"url\":\"https:\\\/\\\/www.dianisearesort.de\\\/media\\\/2018\\\/10\\\/diving2-2.jpg\",\"contentUrl\":\"https:\\\/\\\/www.dianisearesort.de\\\/media\\\/2018\\\/10\\\/diving2-2.jpg\"},{\"@type\":\"BreadcrumbList\",\"@id\":\"https:\\\/\\\/www.dianisearesort.de\\\/de\\\/activities\\\/diving\\\/#breadcrumb\",\"itemListElement\":[{\"@type\":\"ListItem\",\"position\":1,\"name\":\"Home\",\"item\":\"https:\\\/\\\/www.dianisearesort.de\\\/de\\\/\"},{\"@type\":\"ListItem\",\"position\":2,\"name\":\"Activities\",\"item\":\"https:\\\/\\\/www.dianisearesort.de\\\/de\\\/activities\\\/\"},{\"@type\":\"ListItem\",\"position\":3,\"name\":\"Diving\"}]},{\"@type\":\"WebSite\",\"@id\":\"https:\\\/\\\/www.dianisearesort.de\\\/de\\\/#website\",\"url\":\"https:\\\/\\\/www.dianisearesort.de\\\/de\\\/\",\"name\":\"DSR\",\"description\":\"\",\"publisher\":{\"@id\":\"https:\\\/\\\/www.dianisearesort.de\\\/de\\\/#organization\"},\"potentialAction\":[{\"@type\":\"SearchAction\",\"target\":{\"@type\":\"EntryPoint\",\"urlTemplate\":\"https:\\\/\\\/www.dianisearesort.de\\\/de\\\/?s={search_term_string}\"},\"query-input\":{\"@type\":\"PropertyValueSpecification\",\"valueRequired\":true,\"valueName\":\"search_term_string\"}}],\"inLanguage\":\"de\"},{\"@type\":\"Organization\",\"@id\":\"https:\\\/\\\/www.dianisearesort.de\\\/de\\\/#organization\",\"name\":\"Diani Sea Resort\",\"url\":\"https:\\\/\\\/www.dianisearesort.de\\\/de\\\/\",\"logo\":{\"@type\":\"ImageObject\",\"inLanguage\":\"de\",\"@id\":\"https:\\\/\\\/www.dianisearesort.de\\\/de\\\/#\\\/schema\\\/logo\\\/image\\\/\",\"url\":\"https:\\\/\\\/www.dianisearesort.de\\\/media\\\/2018\\\/11\\\/diani-sea-resort-sq.png\",\"contentUrl\":\"https:\\\/\\\/www.dianisearesort.de\\\/media\\\/2018\\\/11\\\/diani-sea-resort-sq.png\",\"width\":1600,\"height\":1600,\"caption\":\"Diani Sea Resort\"},\"image\":{\"@id\":\"https:\\\/\\\/www.dianisearesort.de\\\/de\\\/#\\\/schema\\\/logo\\\/image\\\/\"},\"sameAs\":[\"https:\\\/\\\/web.facebook.com\\\/dianisearesort\\\/\",\"https:\\\/\\\/www.instagram.com\\\/diani_sea_resort\\\/\"]}]}<\/script>\n<!-- \/ Yoast SEO plugin. -->","yoast_head_json":{"title":"Tauchen - DSR","robots":{"index":"index","follow":"follow","max-snippet":"max-snippet:-1","max-image-preview":"max-image-preview:large","max-video-preview":"max-video-preview:-1"},"canonical":"https:\/\/www.dianisearesort.de\/de\/activities\/diving\/","og_locale":"de_DE","og_type":"article","og_title":"Tauchen - DSR","og_description":"&nbsp; Tauchen ist faszinierend. W\u00e4hrend Menschen gewohnt sind, an Land herumzulaufen, betritt der Taucher eine fuer ihn unnat\u00fcrliche Umgebung und bewegt sich unter Wasser. Hier wird er einer Welt pr\u00e4sentiert, die darauf wartet, entdeckt zu werden. Der Gro\u00dfteil der Erde ist mit Wasser bedeckt, weite Bereiche sind vor unserer Sicht verborgen und k\u00f6nnen nur durch [&hellip;]","og_url":"https:\/\/www.dianisearesort.de\/de\/activities\/diving\/","og_site_name":"DSR","article_publisher":"https:\/\/web.facebook.com\/dianisearesort\/","article_modified_time":"2018-11-01T23:20:44+00:00","og_image":[{"url":"https:\/\/www.dianisearesort.de\/media\/2018\/10\/diving2-2.jpg","type":"","width":"","height":""}],"twitter_card":"summary_large_image","twitter_misc":{"Gesch\u00e4tzte Lesezeit":"3\u00a0Minuten"},"schema":{"@context":"https:\/\/schema.org","@graph":[{"@type":"WebPage","@id":"https:\/\/www.dianisearesort.de\/de\/activities\/diving\/","url":"https:\/\/www.dianisearesort.de\/de\/activities\/diving\/","name":"Tauchen - DSR","isPartOf":{"@id":"https:\/\/www.dianisearesort.de\/de\/#website"},"primaryImageOfPage":{"@id":"https:\/\/www.dianisearesort.de\/de\/activities\/diving\/#primaryimage"},"image":{"@id":"https:\/\/www.dianisearesort.de\/activities\/diving\/#primaryimage"},"thumbnailUrl":"https:\/\/www.dianisearesort.de\/media\/2018\/10\/diving2-2.jpg","datePublished":"2018-10-27T13:25:54+00:00","dateModified":"2018-11-01T23:20:44+00:00","breadcrumb":{"@id":"https:\/\/www.dianisearesort.de\/de\/activities\/diving\/#breadcrumb"},"inLanguage":"de","potentialAction":[{"@type":"ReadAction","target":[["https:\/\/www.dianisearesort.de\/de\/activities\/diving\/"]]}]},{"@type":"ImageObject","inLanguage":"de","@id":"https:\/\/www.dianisearesort.de\/de\/activities\/diving\/#primaryimage","url":"https:\/\/www.dianisearesort.de\/media\/2018\/10\/diving2-2.jpg","contentUrl":"https:\/\/www.dianisearesort.de\/media\/2018\/10\/diving2-2.jpg"},{"@type":"BreadcrumbList","@id":"https:\/\/www.dianisearesort.de\/de\/activities\/diving\/#breadcrumb","itemListElement":[{"@type":"ListItem","position":1,"name":"Home","item":"https:\/\/www.dianisearesort.de\/de\/"},{"@type":"ListItem","position":2,"name":"Activities","item":"https:\/\/www.dianisearesort.de\/de\/activities\/"},{"@type":"ListItem","position":3,"name":"Diving"}]},{"@type":"WebSite","@id":"https:\/\/www.dianisearesort.de\/de\/#website","url":"https:\/\/www.dianisearesort.de\/de\/","name":"DSR","description":"","publisher":{"@id":"https:\/\/www.dianisearesort.de\/de\/#organization"},"potentialAction":[{"@type":"SearchAction","target":{"@type":"EntryPoint","urlTemplate":"https:\/\/www.dianisearesort.de\/de\/?s={search_term_string}"},"query-input":{"@type":"PropertyValueSpecification","valueRequired":true,"valueName":"search_term_string"}}],"inLanguage":"de"},{"@type":"Organization","@id":"https:\/\/www.dianisearesort.de\/de\/#organization","name":"Diani Sea Resort","url":"https:\/\/www.dianisearesort.de\/de\/","logo":{"@type":"ImageObject","inLanguage":"de","@id":"https:\/\/www.dianisearesort.de\/de\/#\/schema\/logo\/image\/","url":"https:\/\/www.dianisearesort.de\/media\/2018\/11\/diani-sea-resort-sq.png","contentUrl":"https:\/\/www.dianisearesort.de\/media\/2018\/11\/diani-sea-resort-sq.png","width":1600,"height":1600,"caption":"Diani Sea Resort"},"image":{"@id":"https:\/\/www.dianisearesort.de\/de\/#\/schema\/logo\/image\/"},"sameAs":["https:\/\/web.facebook.com\/dianisearesort\/","https:\/\/www.instagram.com\/diani_sea_resort\/"]}]}},"_links":{"self":[{"href":"https:\/\/www.dianisearesort.de\/de\/wp-json\/wp\/v2\/pages\/442","targetHints":{"allow":["GET"]}}],"collection":[{"href":"https:\/\/www.dianisearesort.de\/de\/wp-json\/wp\/v2\/pages"}],"about":[{"href":"https:\/\/www.dianisearesort.de\/de\/wp-json\/wp\/v2\/types\/page"}],"author":[{"embeddable":true,"href":"https:\/\/www.dianisearesort.de\/de\/wp-json\/wp\/v2\/users\/2"}],"replies":[{"embeddable":true,"href":"https:\/\/www.dianisearesort.de\/de\/wp-json\/wp\/v2\/comments?post=442"}],"version-history":[{"count":6,"href":"https:\/\/www.dianisearesort.de\/de\/wp-json\/wp\/v2\/pages\/442\/revisions"}],"predecessor-version":[{"id":576,"href":"https:\/\/www.dianisearesort.de\/de\/wp-json\/wp\/v2\/pages\/442\/revisions\/576"}],"up":[{"embeddable":true,"href":"https:\/\/www.dianisearesort.de\/de\/wp-json\/wp\/v2\/pages\/436"}],"wp:attachment":[{"href":"https:\/\/www.dianisearesort.de\/de\/wp-json\/wp\/v2\/media?parent=442"}],"curies":[{"name":"wp","href":"https:\/\/api.w.org\/{rel}","templated":true}]}}