{"id":403,"date":"2018-10-27T09:18:07","date_gmt":"2018-10-27T09:18:07","guid":{"rendered":"https:\/\/www.dianisearesort.de\/?page_id=403"},"modified":"2018-11-01T23:45:32","modified_gmt":"2018-11-01T20:45:32","slug":"diani-beach","status":"publish","type":"page","link":"https:\/\/www.dianisearesort.de\/de\/welcome\/diani-beach\/","title":{"rendered":"Diani Beach"},"content":{"rendered":"<p><img loading=\"lazy\" decoding=\"async\" class=\"alignnone size-full wp-image-412\" src=\"https:\/\/www.dianisearesort.de\/media\/2018\/10\/DJI_0080-2-2.jpg\" alt=\"Diani Beach\" width=\"1980\" height=\"1320\" srcset=\"https:\/\/www.dianisearesort.de\/media\/2018\/10\/DJI_0080-2-2.jpg 1980w, https:\/\/www.dianisearesort.de\/media\/2018\/10\/DJI_0080-2-2-300x200.jpg 300w, https:\/\/www.dianisearesort.de\/media\/2018\/10\/DJI_0080-2-2-768x512.jpg 768w, https:\/\/www.dianisearesort.de\/media\/2018\/10\/DJI_0080-2-2-1024x683.jpg 1024w\" sizes=\"auto, (max-width: 1980px) 100vw, 1980px\" \/><\/p>\n<p>&nbsp;<\/p>\n<p>Afrika ist der Kontinent, der mit einer \u00fcppigen Natur und einer Reihe von unheimlich sch\u00f6nen Orten gesegnet ist, die es so an keinem anderen Ort der Welt gibt. Einer dieser au\u00dfergew\u00f6hnlichen Orte ist Diani Beach. Der wei\u00dfe Sand ist etwa 25 Kilometer lang und flie\u00dft sanft in den warmen Indischen Ozean. Es liegt an der S\u00fcdk\u00fcste Kenias und ist als Touristenzentrum f\u00fcr seine sch\u00f6nen Str\u00e4nde und die N\u00e4he zu einigen der besten Nationalparks bekannt. Das gigantische Riff, das als nat\u00fcrlicher Schutz vor Wellen dient, sorgt daf\u00fcr, dass das Wasser wunderbar ruhig und entspannend ist. Hier finden Sie regelm\u00e4\u00dfig Taucher und Schnorchler, die die wundersch\u00f6nen Korallen und farbenfrohen Fische am Riff bewundern.<\/p>\n<p>Ein echter H\u00f6hepunkt einer Reise nach Kenia sollte eine richtige Safari sein. Diani Beach ist eine Stunde von Shimba Hills, 6 Stunden von Tsavo und ein kurzen Flug von der Masai Mara entfernt. Einem L\u00f6wen direkt in die Augen zu schauen, ist ein unbeschreibliches Gef\u00fchl! Kenias Nationalparks beherbergen die Big Five und viele weitere wunderbare Tiere, die Sie nicht verpassen sollten.<\/p>\n<p>Besuchen Sie uns und erleben Sie die Sch\u00f6nheit Afrikas!Top of Form<\/p>","protected":false},"excerpt":{"rendered":"<p>&nbsp; Afrika ist der Kontinent, der mit einer \u00fcppigen Natur und einer Reihe von unheimlich sch\u00f6nen Orten gesegnet ist, die es so an keinem anderen Ort der Welt gibt. Einer dieser au\u00dfergew\u00f6hnlichen Orte ist Diani Beach. Der wei\u00dfe Sand ist etwa 25 Kilometer lang und flie\u00dft sanft in den warmen Indischen Ozean. Es liegt an [&hellip;]<\/p>\n","protected":false},"author":2,"featured_media":0,"parent":53,"menu_order":1,"comment_status":"closed","ping_status":"closed","template":"","meta":{"_acf_changed":false,"footnotes":""},"class_list":["post-403","page","type-page","status-publish","hentry"],"acf":[],"yoast_head":"<!-- This site is optimized with the Yoast SEO plugin v27.3 - https:\/\/yoast.com\/product\/yoast-seo-wordpress\/ -->\n<title>Diani Beach - DSR<\/title>\n<meta name=\"robots\" content=\"index, follow, max-snippet:-1, max-image-preview:large, max-video-preview:-1\" \/>\n<link rel=\"canonical\" href=\"https:\/\/www.dianisearesort.de\/de\/the-hotel\/diani-beach\/\" \/>\n<meta property=\"og:locale\" content=\"de_DE\" \/>\n<meta property=\"og:type\" content=\"article\" \/>\n<meta property=\"og:title\" content=\"Diani Beach - DSR\" \/>\n<meta property=\"og:description\" content=\"&nbsp; Afrika ist der Kontinent, der mit einer \u00fcppigen Natur und einer Reihe von unheimlich sch\u00f6nen Orten gesegnet ist, die es so an keinem anderen Ort der Welt gibt. Einer dieser au\u00dfergew\u00f6hnlichen Orte ist Diani Beach. Der wei\u00dfe Sand ist etwa 25 Kilometer lang und flie\u00dft sanft in den warmen Indischen Ozean. Es liegt an [&hellip;]\" \/>\n<meta property=\"og:url\" content=\"https:\/\/www.dianisearesort.de\/de\/the-hotel\/diani-beach\/\" \/>\n<meta property=\"og:site_name\" content=\"DSR\" \/>\n<meta property=\"article:publisher\" content=\"https:\/\/web.facebook.com\/dianisearesort\/\" \/>\n<meta property=\"article:modified_time\" content=\"2018-11-01T20:45:32+00:00\" \/>\n<meta property=\"og:image\" content=\"https:\/\/www.dianisearesort.de\/media\/2018\/10\/DJI_0080-2-2.jpg\" \/>\n<meta name=\"twitter:card\" content=\"summary_large_image\" \/>\n<meta name=\"twitter:label1\" content=\"Gesch\u00e4tzte Lesezeit\" \/>\n\t<meta name=\"twitter:data1\" content=\"2\u00a0Minuten\" \/>\n<script type=\"application\/ld+json\" class=\"yoast-schema-graph\">{\"@context\":\"https:\\\/\\\/schema.org\",\"@graph\":[{\"@type\":\"WebPage\",\"@id\":\"https:\\\/\\\/www.dianisearesort.de\\\/de\\\/the-hotel\\\/diani-beach\\\/\",\"url\":\"https:\\\/\\\/www.dianisearesort.de\\\/de\\\/the-hotel\\\/diani-beach\\\/\",\"name\":\"Diani Beach - DSR\",\"isPartOf\":{\"@id\":\"https:\\\/\\\/www.dianisearesort.de\\\/de\\\/#website\"},\"primaryImageOfPage\":{\"@id\":\"https:\\\/\\\/www.dianisearesort.de\\\/de\\\/the-hotel\\\/diani-beach\\\/#primaryimage\"},\"image\":{\"@id\":\"https:\\\/\\\/www.dianisearesort.de\\\/the-hotel\\\/diani-beach\\\/#primaryimage\"},\"thumbnailUrl\":\"https:\\\/\\\/www.dianisearesort.de\\\/media\\\/2018\\\/10\\\/DJI_0080-2-2.jpg\",\"datePublished\":\"2018-10-27T09:18:07+00:00\",\"dateModified\":\"2018-11-01T20:45:32+00:00\",\"breadcrumb\":{\"@id\":\"https:\\\/\\\/www.dianisearesort.de\\\/de\\\/the-hotel\\\/diani-beach\\\/#breadcrumb\"},\"inLanguage\":\"de\",\"potentialAction\":[{\"@type\":\"ReadAction\",\"target\":[[\"https:\\\/\\\/www.dianisearesort.de\\\/de\\\/the-hotel\\\/diani-beach\\\/\"]]}]},{\"@type\":\"ImageObject\",\"inLanguage\":\"de\",\"@id\":\"https:\\\/\\\/www.dianisearesort.de\\\/de\\\/the-hotel\\\/diani-beach\\\/#primaryimage\",\"url\":\"https:\\\/\\\/www.dianisearesort.de\\\/media\\\/2018\\\/10\\\/DJI_0080-2-2.jpg\",\"contentUrl\":\"https:\\\/\\\/www.dianisearesort.de\\\/media\\\/2018\\\/10\\\/DJI_0080-2-2.jpg\"},{\"@type\":\"BreadcrumbList\",\"@id\":\"https:\\\/\\\/www.dianisearesort.de\\\/de\\\/the-hotel\\\/diani-beach\\\/#breadcrumb\",\"itemListElement\":[{\"@type\":\"ListItem\",\"position\":1,\"name\":\"Home\",\"item\":\"https:\\\/\\\/www.dianisearesort.de\\\/de\\\/\"},{\"@type\":\"ListItem\",\"position\":2,\"name\":\"The Hotel\",\"item\":\"https:\\\/\\\/www.dianisearesort.de\\\/de\\\/the-hotel\\\/\"},{\"@type\":\"ListItem\",\"position\":3,\"name\":\"Diani Beach\"}]},{\"@type\":\"WebSite\",\"@id\":\"https:\\\/\\\/www.dianisearesort.de\\\/de\\\/#website\",\"url\":\"https:\\\/\\\/www.dianisearesort.de\\\/de\\\/\",\"name\":\"DSR\",\"description\":\"\",\"publisher\":{\"@id\":\"https:\\\/\\\/www.dianisearesort.de\\\/de\\\/#organization\"},\"potentialAction\":[{\"@type\":\"SearchAction\",\"target\":{\"@type\":\"EntryPoint\",\"urlTemplate\":\"https:\\\/\\\/www.dianisearesort.de\\\/de\\\/?s={search_term_string}\"},\"query-input\":{\"@type\":\"PropertyValueSpecification\",\"valueRequired\":true,\"valueName\":\"search_term_string\"}}],\"inLanguage\":\"de\"},{\"@type\":\"Organization\",\"@id\":\"https:\\\/\\\/www.dianisearesort.de\\\/de\\\/#organization\",\"name\":\"Diani Sea Resort\",\"url\":\"https:\\\/\\\/www.dianisearesort.de\\\/de\\\/\",\"logo\":{\"@type\":\"ImageObject\",\"inLanguage\":\"de\",\"@id\":\"https:\\\/\\\/www.dianisearesort.de\\\/de\\\/#\\\/schema\\\/logo\\\/image\\\/\",\"url\":\"https:\\\/\\\/www.dianisearesort.de\\\/media\\\/2018\\\/11\\\/diani-sea-resort-sq.png\",\"contentUrl\":\"https:\\\/\\\/www.dianisearesort.de\\\/media\\\/2018\\\/11\\\/diani-sea-resort-sq.png\",\"width\":1600,\"height\":1600,\"caption\":\"Diani Sea Resort\"},\"image\":{\"@id\":\"https:\\\/\\\/www.dianisearesort.de\\\/de\\\/#\\\/schema\\\/logo\\\/image\\\/\"},\"sameAs\":[\"https:\\\/\\\/web.facebook.com\\\/dianisearesort\\\/\",\"https:\\\/\\\/www.instagram.com\\\/diani_sea_resort\\\/\"]}]}<\/script>\n<!-- \/ Yoast SEO plugin. -->","yoast_head_json":{"title":"Diani Beach - DSR","robots":{"index":"index","follow":"follow","max-snippet":"max-snippet:-1","max-image-preview":"max-image-preview:large","max-video-preview":"max-video-preview:-1"},"canonical":"https:\/\/www.dianisearesort.de\/de\/the-hotel\/diani-beach\/","og_locale":"de_DE","og_type":"article","og_title":"Diani Beach - DSR","og_description":"&nbsp; Afrika ist der Kontinent, der mit einer \u00fcppigen Natur und einer Reihe von unheimlich sch\u00f6nen Orten gesegnet ist, die es so an keinem anderen Ort der Welt gibt. Einer dieser au\u00dfergew\u00f6hnlichen Orte ist Diani Beach. Der wei\u00dfe Sand ist etwa 25 Kilometer lang und flie\u00dft sanft in den warmen Indischen Ozean. Es liegt an [&hellip;]","og_url":"https:\/\/www.dianisearesort.de\/de\/the-hotel\/diani-beach\/","og_site_name":"DSR","article_publisher":"https:\/\/web.facebook.com\/dianisearesort\/","article_modified_time":"2018-11-01T20:45:32+00:00","og_image":[{"url":"https:\/\/www.dianisearesort.de\/media\/2018\/10\/DJI_0080-2-2.jpg","type":"","width":"","height":""}],"twitter_card":"summary_large_image","twitter_misc":{"Gesch\u00e4tzte Lesezeit":"2\u00a0Minuten"},"schema":{"@context":"https:\/\/schema.org","@graph":[{"@type":"WebPage","@id":"https:\/\/www.dianisearesort.de\/de\/the-hotel\/diani-beach\/","url":"https:\/\/www.dianisearesort.de\/de\/the-hotel\/diani-beach\/","name":"Diani Beach - DSR","isPartOf":{"@id":"https:\/\/www.dianisearesort.de\/de\/#website"},"primaryImageOfPage":{"@id":"https:\/\/www.dianisearesort.de\/de\/the-hotel\/diani-beach\/#primaryimage"},"image":{"@id":"https:\/\/www.dianisearesort.de\/the-hotel\/diani-beach\/#primaryimage"},"thumbnailUrl":"https:\/\/www.dianisearesort.de\/media\/2018\/10\/DJI_0080-2-2.jpg","datePublished":"2018-10-27T09:18:07+00:00","dateModified":"2018-11-01T20:45:32+00:00","breadcrumb":{"@id":"https:\/\/www.dianisearesort.de\/de\/the-hotel\/diani-beach\/#breadcrumb"},"inLanguage":"de","potentialAction":[{"@type":"ReadAction","target":[["https:\/\/www.dianisearesort.de\/de\/the-hotel\/diani-beach\/"]]}]},{"@type":"ImageObject","inLanguage":"de","@id":"https:\/\/www.dianisearesort.de\/de\/the-hotel\/diani-beach\/#primaryimage","url":"https:\/\/www.dianisearesort.de\/media\/2018\/10\/DJI_0080-2-2.jpg","contentUrl":"https:\/\/www.dianisearesort.de\/media\/2018\/10\/DJI_0080-2-2.jpg"},{"@type":"BreadcrumbList","@id":"https:\/\/www.dianisearesort.de\/de\/the-hotel\/diani-beach\/#breadcrumb","itemListElement":[{"@type":"ListItem","position":1,"name":"Home","item":"https:\/\/www.dianisearesort.de\/de\/"},{"@type":"ListItem","position":2,"name":"The Hotel","item":"https:\/\/www.dianisearesort.de\/de\/the-hotel\/"},{"@type":"ListItem","position":3,"name":"Diani Beach"}]},{"@type":"WebSite","@id":"https:\/\/www.dianisearesort.de\/de\/#website","url":"https:\/\/www.dianisearesort.de\/de\/","name":"DSR","description":"","publisher":{"@id":"https:\/\/www.dianisearesort.de\/de\/#organization"},"potentialAction":[{"@type":"SearchAction","target":{"@type":"EntryPoint","urlTemplate":"https:\/\/www.dianisearesort.de\/de\/?s={search_term_string}"},"query-input":{"@type":"PropertyValueSpecification","valueRequired":true,"valueName":"search_term_string"}}],"inLanguage":"de"},{"@type":"Organization","@id":"https:\/\/www.dianisearesort.de\/de\/#organization","name":"Diani Sea Resort","url":"https:\/\/www.dianisearesort.de\/de\/","logo":{"@type":"ImageObject","inLanguage":"de","@id":"https:\/\/www.dianisearesort.de\/de\/#\/schema\/logo\/image\/","url":"https:\/\/www.dianisearesort.de\/media\/2018\/11\/diani-sea-resort-sq.png","contentUrl":"https:\/\/www.dianisearesort.de\/media\/2018\/11\/diani-sea-resort-sq.png","width":1600,"height":1600,"caption":"Diani Sea Resort"},"image":{"@id":"https:\/\/www.dianisearesort.de\/de\/#\/schema\/logo\/image\/"},"sameAs":["https:\/\/web.facebook.com\/dianisearesort\/","https:\/\/www.instagram.com\/diani_sea_resort\/"]}]}},"_links":{"self":[{"href":"https:\/\/www.dianisearesort.de\/de\/wp-json\/wp\/v2\/pages\/403","targetHints":{"allow":["GET"]}}],"collection":[{"href":"https:\/\/www.dianisearesort.de\/de\/wp-json\/wp\/v2\/pages"}],"about":[{"href":"https:\/\/www.dianisearesort.de\/de\/wp-json\/wp\/v2\/types\/page"}],"author":[{"embeddable":true,"href":"https:\/\/www.dianisearesort.de\/de\/wp-json\/wp\/v2\/users\/2"}],"replies":[{"embeddable":true,"href":"https:\/\/www.dianisearesort.de\/de\/wp-json\/wp\/v2\/comments?post=403"}],"version-history":[{"count":8,"href":"https:\/\/www.dianisearesort.de\/de\/wp-json\/wp\/v2\/pages\/403\/revisions"}],"predecessor-version":[{"id":560,"href":"https:\/\/www.dianisearesort.de\/de\/wp-json\/wp\/v2\/pages\/403\/revisions\/560"}],"up":[{"embeddable":true,"href":"https:\/\/www.dianisearesort.de\/de\/wp-json\/wp\/v2\/pages\/53"}],"wp:attachment":[{"href":"https:\/\/www.dianisearesort.de\/de\/wp-json\/wp\/v2\/media?parent=403"}],"curies":[{"name":"wp","href":"https:\/\/api.w.org\/{rel}","templated":true}]}}