{"id":398,"date":"2018-10-27T09:08:48","date_gmt":"2018-10-27T09:08:48","guid":{"rendered":"https:\/\/www.dianisearesort.de\/?page_id=398"},"modified":"2018-11-01T23:49:12","modified_gmt":"2018-11-01T20:49:12","slug":"services","status":"publish","type":"page","link":"https:\/\/www.dianisearesort.de\/de\/welcome\/services\/","title":{"rendered":"Service"},"content":{"rendered":"<p><\/p>\n<h6>All-Inclusive-Verpflegungsplan<\/h6>\n<p>&nbsp;<\/p>\n<p>(Fr\u00fchst\u00fcck, Mittag- und Abendessen sowie Snack)<\/p>\n<p style=\"padding-left: 30px;\">Fr\u00fchst\u00fcck von 7:30 bis 10:00 Uhr<br \/>\nMittagessen 12:30 &#8211; 14:00 Uhr<br \/>\nKaffee und Tee 16:00 &#8211; 17:00 Uhr<br \/>\nAbendessen 19:30 &#8211; 21:00 Uhr<br \/>\nSnackbar ge\u00f6ffnet von 11:00 bis 16:00 Uhr<br \/>\nMaasai \/ Pool Bar ist von 11:00 bis 24:00 Uhr ge\u00f6ffnet<\/p>\n<p>\u2606 24 Stunden Rezeption<\/p>\n<p>\u2606 Wechselstube<\/p>\n<p>\u2606 Pool- und Strand-Sonnenliegen<\/p>\n<p>\u2606 Strandt\u00fccher<\/p>\n<p>\u2606 Ausgew\u00e4hlte lokale alkoholische und alkoholfreie Getr\u00e4nke, Limonaden, S\u00e4fte und Hauswein w\u00e4hrend der \u00d6ffnungszeiten der Bar<\/p>\n<p>\u2606 Mahlzeiten w\u00e4hrend der \u00d6ffnungszeiten des Restaurants<\/p>\n<p>\u2606 Mahlzeiten in der Snackbar von 11:00 bis 16:00 Uhr<\/p>\n<p>\u2606 Kostenloses WLAN in der gesamten Unterkunft<\/p>\n<p>\u2606 Sport- und Animationszentrum<\/p>\n<p>&nbsp;<\/p>\n<h6>Abendunterhaltung w\u00e4hrend der Woche<\/h6>\n<p>&nbsp;<\/p>\n<p>\u2606 Live-Band mit Grillen<\/p>\n<p>\u2606 Acrobat-Show<\/p>\n<p>\u2606 Traditionelle T\u00e4nze<\/p>\n<p>&nbsp;<\/p>\n<h6>Sport und Aktivit\u00e4ten w\u00e4hrend des Tages<\/h6>\n<p>&nbsp;<\/p>\n<p>\u2606 Swimmingpool mit Wasserfall und Rutsche<\/p>\n<p>\u2606 Tennis<\/p>\n<p>\u2606 Squash<\/p>\n<p>\u2606 Fitnessstudio<\/p>\n<p>\u2606 Billard<\/p>\n<p>\u2606 Minigolf<\/p>\n<p>\u2606 Pitch und Putting Green<\/p>\n<p>\u2606 Tischtennis<\/p>\n<p>\u2606 Darts<\/p>\n<p>\u2606 Beachvolleyball<\/p>\n<p>\u2606 Wasserball<\/p>\n<p>\u2606 Wasseraerobic<\/p>\n<p>&nbsp;<\/p>\n<h6>Anfahrt<\/h6>\n<p>&nbsp;<\/p>\n<p>Das Resort liegt am Diani Beach, 35 Kilometer s\u00fcdlich von Mombasa. Ein Flughafenshuttleservice f\u00fcr G\u00e4ste, die vom internationalen Flughafen Mombasa aus anreisen, kann \u00fcber das Hotel arrangiert werden. Fl\u00fcge nach Ukunda, die etwa 5 Autominuten vom Hotel entfernt sind, k\u00f6nnen ebenfalls organisiert werden.<\/p>\n<p>&nbsp;<\/p>\n<h6>Unsere Unterkunft in Zahlen<\/h6>\n<p>&nbsp;<\/p>\n<p>Das Diani Sea Resort verf\u00fcgt \u00fcber insgesamt 170 Zimmer:<\/p>\n<p>\u2606 Bahari Doppelzimmer: 32<\/p>\n<p>\u2606 Superior Doppelzimmer: 112<\/p>\n<p>\u2606 Familienzimmer: 24 (12 superior, 12 bahari)<\/p>\n<p>\u2606 Ocean Suites: 2<\/p>","protected":false},"excerpt":{"rendered":"<p>All-Inclusive-Verpflegungsplan &nbsp; (Fr\u00fchst\u00fcck, Mittag- und Abendessen sowie Snack) Fr\u00fchst\u00fcck von 7:30 bis 10:00 Uhr Mittagessen 12:30 &#8211; 14:00 Uhr Kaffee und Tee 16:00 &#8211; 17:00 Uhr Abendessen 19:30 &#8211; 21:00 Uhr Snackbar ge\u00f6ffnet von 11:00 bis 16:00 Uhr Maasai \/ Pool Bar ist von 11:00 bis 24:00 Uhr ge\u00f6ffnet \u2606 24 Stunden Rezeption \u2606 Wechselstube [&hellip;]<\/p>\n","protected":false},"author":2,"featured_media":0,"parent":53,"menu_order":0,"comment_status":"closed","ping_status":"closed","template":"","meta":{"_acf_changed":false,"footnotes":""},"class_list":["post-398","page","type-page","status-publish","hentry"],"acf":[],"yoast_head":"<!-- This site is optimized with the Yoast SEO plugin v27.4 - https:\/\/yoast.com\/product\/yoast-seo-wordpress\/ -->\n<title>Service - DSR<\/title>\n<meta name=\"robots\" content=\"index, follow, max-snippet:-1, max-image-preview:large, max-video-preview:-1\" \/>\n<link rel=\"canonical\" href=\"https:\/\/www.dianisearesort.de\/de\/the-hotel-de\/services-de\/\" \/>\n<meta property=\"og:locale\" content=\"de_DE\" \/>\n<meta property=\"og:type\" content=\"article\" \/>\n<meta property=\"og:title\" content=\"Service - DSR\" \/>\n<meta property=\"og:description\" content=\"All-Inclusive-Verpflegungsplan &nbsp; (Fr\u00fchst\u00fcck, Mittag- und Abendessen sowie Snack) Fr\u00fchst\u00fcck von 7:30 bis 10:00 Uhr Mittagessen 12:30 &#8211; 14:00 Uhr Kaffee und Tee 16:00 &#8211; 17:00 Uhr Abendessen 19:30 &#8211; 21:00 Uhr Snackbar ge\u00f6ffnet von 11:00 bis 16:00 Uhr Maasai \/ Pool Bar ist von 11:00 bis 24:00 Uhr ge\u00f6ffnet \u2606 24 Stunden Rezeption \u2606 Wechselstube [&hellip;]\" \/>\n<meta property=\"og:url\" content=\"https:\/\/www.dianisearesort.de\/de\/the-hotel-de\/services-de\/\" \/>\n<meta property=\"og:site_name\" content=\"DSR\" \/>\n<meta property=\"article:publisher\" content=\"https:\/\/web.facebook.com\/dianisearesort\/\" \/>\n<meta property=\"article:modified_time\" content=\"2018-11-01T20:49:12+00:00\" \/>\n<meta property=\"og:image\" content=\"https:\/\/www.dianisearesort.de\/media\/2018\/06\/DSR-PANO-5.jpg\" \/>\n\t<meta property=\"og:image:width\" content=\"1980\" \/>\n\t<meta property=\"og:image:height\" content=\"1114\" \/>\n\t<meta property=\"og:image:type\" content=\"image\/jpeg\" \/>\n<meta name=\"twitter:card\" content=\"summary_large_image\" \/>\n<meta name=\"twitter:label1\" content=\"Gesch\u00e4tzte Lesezeit\" \/>\n\t<meta name=\"twitter:data1\" content=\"2\u00a0Minuten\" \/>\n<script type=\"application\/ld+json\" class=\"yoast-schema-graph\">{\"@context\":\"https:\\\/\\\/schema.org\",\"@graph\":[{\"@type\":\"WebPage\",\"@id\":\"https:\\\/\\\/www.dianisearesort.de\\\/de\\\/the-hotel-de\\\/services-de\\\/\",\"url\":\"https:\\\/\\\/www.dianisearesort.de\\\/de\\\/the-hotel-de\\\/services-de\\\/\",\"name\":\"Service - DSR\",\"isPartOf\":{\"@id\":\"https:\\\/\\\/www.dianisearesort.de\\\/de\\\/#website\"},\"datePublished\":\"2018-10-27T09:08:48+00:00\",\"dateModified\":\"2018-11-01T20:49:12+00:00\",\"breadcrumb\":{\"@id\":\"https:\\\/\\\/www.dianisearesort.de\\\/de\\\/the-hotel-de\\\/services-de\\\/#breadcrumb\"},\"inLanguage\":\"de\",\"potentialAction\":[{\"@type\":\"ReadAction\",\"target\":[[\"https:\\\/\\\/www.dianisearesort.de\\\/de\\\/the-hotel-de\\\/services-de\\\/\"]]}]},{\"@type\":\"BreadcrumbList\",\"@id\":\"https:\\\/\\\/www.dianisearesort.de\\\/de\\\/the-hotel-de\\\/services-de\\\/#breadcrumb\",\"itemListElement\":[{\"@type\":\"ListItem\",\"position\":1,\"name\":\"Home\",\"item\":\"https:\\\/\\\/www.dianisearesort.de\\\/de\\\/\"},{\"@type\":\"ListItem\",\"position\":2,\"name\":\"The Hotel\",\"item\":\"https:\\\/\\\/www.dianisearesort.de\\\/de\\\/the-hotel\\\/\"},{\"@type\":\"ListItem\",\"position\":3,\"name\":\"Service\"}]},{\"@type\":\"WebSite\",\"@id\":\"https:\\\/\\\/www.dianisearesort.de\\\/de\\\/#website\",\"url\":\"https:\\\/\\\/www.dianisearesort.de\\\/de\\\/\",\"name\":\"DSR\",\"description\":\"\",\"publisher\":{\"@id\":\"https:\\\/\\\/www.dianisearesort.de\\\/de\\\/#organization\"},\"potentialAction\":[{\"@type\":\"SearchAction\",\"target\":{\"@type\":\"EntryPoint\",\"urlTemplate\":\"https:\\\/\\\/www.dianisearesort.de\\\/de\\\/?s={search_term_string}\"},\"query-input\":{\"@type\":\"PropertyValueSpecification\",\"valueRequired\":true,\"valueName\":\"search_term_string\"}}],\"inLanguage\":\"de\"},{\"@type\":\"Organization\",\"@id\":\"https:\\\/\\\/www.dianisearesort.de\\\/de\\\/#organization\",\"name\":\"Diani Sea Resort\",\"url\":\"https:\\\/\\\/www.dianisearesort.de\\\/de\\\/\",\"logo\":{\"@type\":\"ImageObject\",\"inLanguage\":\"de\",\"@id\":\"https:\\\/\\\/www.dianisearesort.de\\\/de\\\/#\\\/schema\\\/logo\\\/image\\\/\",\"url\":\"https:\\\/\\\/www.dianisearesort.de\\\/media\\\/2018\\\/11\\\/diani-sea-resort-sq.png\",\"contentUrl\":\"https:\\\/\\\/www.dianisearesort.de\\\/media\\\/2018\\\/11\\\/diani-sea-resort-sq.png\",\"width\":1600,\"height\":1600,\"caption\":\"Diani Sea Resort\"},\"image\":{\"@id\":\"https:\\\/\\\/www.dianisearesort.de\\\/de\\\/#\\\/schema\\\/logo\\\/image\\\/\"},\"sameAs\":[\"https:\\\/\\\/web.facebook.com\\\/dianisearesort\\\/\",\"https:\\\/\\\/www.instagram.com\\\/diani_sea_resort\\\/\"]}]}<\/script>\n<!-- \/ Yoast SEO plugin. -->","yoast_head_json":{"title":"Service - DSR","robots":{"index":"index","follow":"follow","max-snippet":"max-snippet:-1","max-image-preview":"max-image-preview:large","max-video-preview":"max-video-preview:-1"},"canonical":"https:\/\/www.dianisearesort.de\/de\/the-hotel-de\/services-de\/","og_locale":"de_DE","og_type":"article","og_title":"Service - DSR","og_description":"All-Inclusive-Verpflegungsplan &nbsp; (Fr\u00fchst\u00fcck, Mittag- und Abendessen sowie Snack) Fr\u00fchst\u00fcck von 7:30 bis 10:00 Uhr Mittagessen 12:30 &#8211; 14:00 Uhr Kaffee und Tee 16:00 &#8211; 17:00 Uhr Abendessen 19:30 &#8211; 21:00 Uhr Snackbar ge\u00f6ffnet von 11:00 bis 16:00 Uhr Maasai \/ Pool Bar ist von 11:00 bis 24:00 Uhr ge\u00f6ffnet \u2606 24 Stunden Rezeption \u2606 Wechselstube [&hellip;]","og_url":"https:\/\/www.dianisearesort.de\/de\/the-hotel-de\/services-de\/","og_site_name":"DSR","article_publisher":"https:\/\/web.facebook.com\/dianisearesort\/","article_modified_time":"2018-11-01T20:49:12+00:00","og_image":[{"width":1980,"height":1114,"url":"https:\/\/www.dianisearesort.de\/media\/2018\/06\/DSR-PANO-5.jpg","type":"image\/jpeg"}],"twitter_card":"summary_large_image","twitter_misc":{"Gesch\u00e4tzte Lesezeit":"2\u00a0Minuten"},"schema":{"@context":"https:\/\/schema.org","@graph":[{"@type":"WebPage","@id":"https:\/\/www.dianisearesort.de\/de\/the-hotel-de\/services-de\/","url":"https:\/\/www.dianisearesort.de\/de\/the-hotel-de\/services-de\/","name":"Service - DSR","isPartOf":{"@id":"https:\/\/www.dianisearesort.de\/de\/#website"},"datePublished":"2018-10-27T09:08:48+00:00","dateModified":"2018-11-01T20:49:12+00:00","breadcrumb":{"@id":"https:\/\/www.dianisearesort.de\/de\/the-hotel-de\/services-de\/#breadcrumb"},"inLanguage":"de","potentialAction":[{"@type":"ReadAction","target":[["https:\/\/www.dianisearesort.de\/de\/the-hotel-de\/services-de\/"]]}]},{"@type":"BreadcrumbList","@id":"https:\/\/www.dianisearesort.de\/de\/the-hotel-de\/services-de\/#breadcrumb","itemListElement":[{"@type":"ListItem","position":1,"name":"Home","item":"https:\/\/www.dianisearesort.de\/de\/"},{"@type":"ListItem","position":2,"name":"The Hotel","item":"https:\/\/www.dianisearesort.de\/de\/the-hotel\/"},{"@type":"ListItem","position":3,"name":"Service"}]},{"@type":"WebSite","@id":"https:\/\/www.dianisearesort.de\/de\/#website","url":"https:\/\/www.dianisearesort.de\/de\/","name":"DSR","description":"","publisher":{"@id":"https:\/\/www.dianisearesort.de\/de\/#organization"},"potentialAction":[{"@type":"SearchAction","target":{"@type":"EntryPoint","urlTemplate":"https:\/\/www.dianisearesort.de\/de\/?s={search_term_string}"},"query-input":{"@type":"PropertyValueSpecification","valueRequired":true,"valueName":"search_term_string"}}],"inLanguage":"de"},{"@type":"Organization","@id":"https:\/\/www.dianisearesort.de\/de\/#organization","name":"Diani Sea Resort","url":"https:\/\/www.dianisearesort.de\/de\/","logo":{"@type":"ImageObject","inLanguage":"de","@id":"https:\/\/www.dianisearesort.de\/de\/#\/schema\/logo\/image\/","url":"https:\/\/www.dianisearesort.de\/media\/2018\/11\/diani-sea-resort-sq.png","contentUrl":"https:\/\/www.dianisearesort.de\/media\/2018\/11\/diani-sea-resort-sq.png","width":1600,"height":1600,"caption":"Diani Sea Resort"},"image":{"@id":"https:\/\/www.dianisearesort.de\/de\/#\/schema\/logo\/image\/"},"sameAs":["https:\/\/web.facebook.com\/dianisearesort\/","https:\/\/www.instagram.com\/diani_sea_resort\/"]}]}},"_links":{"self":[{"href":"https:\/\/www.dianisearesort.de\/de\/wp-json\/wp\/v2\/pages\/398","targetHints":{"allow":["GET"]}}],"collection":[{"href":"https:\/\/www.dianisearesort.de\/de\/wp-json\/wp\/v2\/pages"}],"about":[{"href":"https:\/\/www.dianisearesort.de\/de\/wp-json\/wp\/v2\/types\/page"}],"author":[{"embeddable":true,"href":"https:\/\/www.dianisearesort.de\/de\/wp-json\/wp\/v2\/users\/2"}],"replies":[{"embeddable":true,"href":"https:\/\/www.dianisearesort.de\/de\/wp-json\/wp\/v2\/comments?post=398"}],"version-history":[{"count":34,"href":"https:\/\/www.dianisearesort.de\/de\/wp-json\/wp\/v2\/pages\/398\/revisions"}],"predecessor-version":[{"id":563,"href":"https:\/\/www.dianisearesort.de\/de\/wp-json\/wp\/v2\/pages\/398\/revisions\/563"}],"up":[{"embeddable":true,"href":"https:\/\/www.dianisearesort.de\/de\/wp-json\/wp\/v2\/pages\/53"}],"wp:attachment":[{"href":"https:\/\/www.dianisearesort.de\/de\/wp-json\/wp\/v2\/media?parent=398"}],"curies":[{"name":"wp","href":"https:\/\/api.w.org\/{rel}","templated":true}]}}