{"id":161,"date":"2018-07-04T20:24:18","date_gmt":"2018-07-04T20:24:18","guid":{"rendered":"https:\/\/www.dianisearesort.de\/?page_id=161"},"modified":"2018-11-02T02:09:28","modified_gmt":"2018-11-01T23:09:28","slug":"maasai-bar","status":"publish","type":"page","link":"https:\/\/www.dianisearesort.de\/de\/dining\/maasai-bar\/","title":{"rendered":"Maasai Bar"},"content":{"rendered":"<p>Die Maasai Bar (Hauptbar) ist w\u00e4hrend der Essenszeiten und abends von 18.00 Uhr bis 23.00 Uhr ge\u00f6ffnet. Die Happy Hour mit internationalen Cocktails und All-Inclusive-Getr\u00e4nken ist auf der Terrasse des Restaurants von 18.00 bis 19.00 Uhr verf\u00fcgbar. Das Animationsteam sorgt f\u00fcr abendliche Unterhaltung.<\/p>\n<p><img loading=\"lazy\" decoding=\"async\" class=\"alignnone size-full wp-image-205\" src=\"https:\/\/www.dianisearesort.de\/media\/2018\/10\/IMG_3483.jpg\" alt=\"\" width=\"1920\" height=\"1080\" srcset=\"https:\/\/www.dianisearesort.de\/media\/2018\/10\/IMG_3483.jpg 1920w, https:\/\/www.dianisearesort.de\/media\/2018\/10\/IMG_3483-300x169.jpg 300w, https:\/\/www.dianisearesort.de\/media\/2018\/10\/IMG_3483-768x432.jpg 768w, https:\/\/www.dianisearesort.de\/media\/2018\/10\/IMG_3483-1024x576.jpg 1024w\" sizes=\"auto, (max-width: 1920px) 100vw, 1920px\" \/><\/p>","protected":false},"excerpt":{"rendered":"<p>Die Maasai Bar (Hauptbar) ist w\u00e4hrend der Essenszeiten und abends von 18.00 Uhr bis 23.00 Uhr ge\u00f6ffnet. Die Happy Hour mit internationalen Cocktails und All-Inclusive-Getr\u00e4nken ist auf der Terrasse des Restaurants von 18.00 bis 19.00 Uhr verf\u00fcgbar. Das Animationsteam sorgt f\u00fcr abendliche Unterhaltung.<\/p>\n","protected":false},"author":2,"featured_media":0,"parent":129,"menu_order":3,"comment_status":"closed","ping_status":"closed","template":"","meta":{"_acf_changed":false,"footnotes":""},"class_list":["post-161","page","type-page","status-publish","hentry"],"acf":[],"yoast_head":"<!-- This site is optimized with the Yoast SEO plugin v27.4 - https:\/\/yoast.com\/product\/yoast-seo-wordpress\/ -->\n<title>Maasai Bar - DSR<\/title>\n<meta name=\"robots\" content=\"index, follow, max-snippet:-1, max-image-preview:large, max-video-preview:-1\" \/>\n<link rel=\"canonical\" href=\"https:\/\/www.dianisearesort.de\/de\/dining\/maasai-bar\/\" \/>\n<meta property=\"og:locale\" content=\"de_DE\" \/>\n<meta property=\"og:type\" content=\"article\" \/>\n<meta property=\"og:title\" content=\"Maasai Bar - DSR\" \/>\n<meta property=\"og:description\" content=\"Die Maasai Bar (Hauptbar) ist w\u00e4hrend der Essenszeiten und abends von 18.00 Uhr bis 23.00 Uhr ge\u00f6ffnet. Die Happy Hour mit internationalen Cocktails und All-Inclusive-Getr\u00e4nken ist auf der Terrasse des Restaurants von 18.00 bis 19.00 Uhr verf\u00fcgbar. Das Animationsteam sorgt f\u00fcr abendliche Unterhaltung.\" \/>\n<meta property=\"og:url\" content=\"https:\/\/www.dianisearesort.de\/de\/dining\/maasai-bar\/\" \/>\n<meta property=\"og:site_name\" content=\"DSR\" \/>\n<meta property=\"article:publisher\" content=\"https:\/\/web.facebook.com\/dianisearesort\/\" \/>\n<meta property=\"article:modified_time\" content=\"2018-11-01T23:09:28+00:00\" \/>\n<meta property=\"og:image\" content=\"https:\/\/www.dianisearesort.de\/media\/2018\/10\/IMG_3483.jpg\" \/>\n<meta name=\"twitter:card\" content=\"summary_large_image\" \/>\n<script type=\"application\/ld+json\" class=\"yoast-schema-graph\">{\"@context\":\"https:\\\/\\\/schema.org\",\"@graph\":[{\"@type\":\"WebPage\",\"@id\":\"https:\\\/\\\/www.dianisearesort.de\\\/de\\\/dining\\\/maasai-bar\\\/\",\"url\":\"https:\\\/\\\/www.dianisearesort.de\\\/de\\\/dining\\\/maasai-bar\\\/\",\"name\":\"Maasai Bar - DSR\",\"isPartOf\":{\"@id\":\"https:\\\/\\\/www.dianisearesort.de\\\/de\\\/#website\"},\"primaryImageOfPage\":{\"@id\":\"https:\\\/\\\/www.dianisearesort.de\\\/de\\\/dining\\\/maasai-bar\\\/#primaryimage\"},\"image\":{\"@id\":\"https:\\\/\\\/www.dianisearesort.de\\\/dining\\\/maasai-bar\\\/#primaryimage\"},\"thumbnailUrl\":\"https:\\\/\\\/www.dianisearesort.de\\\/media\\\/2018\\\/10\\\/IMG_3483.jpg\",\"datePublished\":\"2018-07-04T20:24:18+00:00\",\"dateModified\":\"2018-11-01T23:09:28+00:00\",\"breadcrumb\":{\"@id\":\"https:\\\/\\\/www.dianisearesort.de\\\/de\\\/dining\\\/maasai-bar\\\/#breadcrumb\"},\"inLanguage\":\"de\",\"potentialAction\":[{\"@type\":\"ReadAction\",\"target\":[[\"https:\\\/\\\/www.dianisearesort.de\\\/de\\\/dining\\\/maasai-bar\\\/\"]]}]},{\"@type\":\"ImageObject\",\"inLanguage\":\"de\",\"@id\":\"https:\\\/\\\/www.dianisearesort.de\\\/de\\\/dining\\\/maasai-bar\\\/#primaryimage\",\"url\":\"https:\\\/\\\/www.dianisearesort.de\\\/media\\\/2018\\\/10\\\/IMG_3483.jpg\",\"contentUrl\":\"https:\\\/\\\/www.dianisearesort.de\\\/media\\\/2018\\\/10\\\/IMG_3483.jpg\"},{\"@type\":\"BreadcrumbList\",\"@id\":\"https:\\\/\\\/www.dianisearesort.de\\\/de\\\/dining\\\/maasai-bar\\\/#breadcrumb\",\"itemListElement\":[{\"@type\":\"ListItem\",\"position\":1,\"name\":\"Home\",\"item\":\"https:\\\/\\\/www.dianisearesort.de\\\/de\\\/\"},{\"@type\":\"ListItem\",\"position\":2,\"name\":\"Dining\",\"item\":\"https:\\\/\\\/www.dianisearesort.de\\\/de\\\/dining\\\/\"},{\"@type\":\"ListItem\",\"position\":3,\"name\":\"Maasai Bar\"}]},{\"@type\":\"WebSite\",\"@id\":\"https:\\\/\\\/www.dianisearesort.de\\\/de\\\/#website\",\"url\":\"https:\\\/\\\/www.dianisearesort.de\\\/de\\\/\",\"name\":\"DSR\",\"description\":\"\",\"publisher\":{\"@id\":\"https:\\\/\\\/www.dianisearesort.de\\\/de\\\/#organization\"},\"potentialAction\":[{\"@type\":\"SearchAction\",\"target\":{\"@type\":\"EntryPoint\",\"urlTemplate\":\"https:\\\/\\\/www.dianisearesort.de\\\/de\\\/?s={search_term_string}\"},\"query-input\":{\"@type\":\"PropertyValueSpecification\",\"valueRequired\":true,\"valueName\":\"search_term_string\"}}],\"inLanguage\":\"de\"},{\"@type\":\"Organization\",\"@id\":\"https:\\\/\\\/www.dianisearesort.de\\\/de\\\/#organization\",\"name\":\"Diani Sea Resort\",\"url\":\"https:\\\/\\\/www.dianisearesort.de\\\/de\\\/\",\"logo\":{\"@type\":\"ImageObject\",\"inLanguage\":\"de\",\"@id\":\"https:\\\/\\\/www.dianisearesort.de\\\/de\\\/#\\\/schema\\\/logo\\\/image\\\/\",\"url\":\"https:\\\/\\\/www.dianisearesort.de\\\/media\\\/2018\\\/11\\\/diani-sea-resort-sq.png\",\"contentUrl\":\"https:\\\/\\\/www.dianisearesort.de\\\/media\\\/2018\\\/11\\\/diani-sea-resort-sq.png\",\"width\":1600,\"height\":1600,\"caption\":\"Diani Sea Resort\"},\"image\":{\"@id\":\"https:\\\/\\\/www.dianisearesort.de\\\/de\\\/#\\\/schema\\\/logo\\\/image\\\/\"},\"sameAs\":[\"https:\\\/\\\/web.facebook.com\\\/dianisearesort\\\/\",\"https:\\\/\\\/www.instagram.com\\\/diani_sea_resort\\\/\"]}]}<\/script>\n<!-- \/ Yoast SEO plugin. -->","yoast_head_json":{"title":"Maasai Bar - DSR","robots":{"index":"index","follow":"follow","max-snippet":"max-snippet:-1","max-image-preview":"max-image-preview:large","max-video-preview":"max-video-preview:-1"},"canonical":"https:\/\/www.dianisearesort.de\/de\/dining\/maasai-bar\/","og_locale":"de_DE","og_type":"article","og_title":"Maasai Bar - DSR","og_description":"Die Maasai Bar (Hauptbar) ist w\u00e4hrend der Essenszeiten und abends von 18.00 Uhr bis 23.00 Uhr ge\u00f6ffnet. Die Happy Hour mit internationalen Cocktails und All-Inclusive-Getr\u00e4nken ist auf der Terrasse des Restaurants von 18.00 bis 19.00 Uhr verf\u00fcgbar. Das Animationsteam sorgt f\u00fcr abendliche Unterhaltung.","og_url":"https:\/\/www.dianisearesort.de\/de\/dining\/maasai-bar\/","og_site_name":"DSR","article_publisher":"https:\/\/web.facebook.com\/dianisearesort\/","article_modified_time":"2018-11-01T23:09:28+00:00","og_image":[{"url":"https:\/\/www.dianisearesort.de\/media\/2018\/10\/IMG_3483.jpg","type":"","width":"","height":""}],"twitter_card":"summary_large_image","schema":{"@context":"https:\/\/schema.org","@graph":[{"@type":"WebPage","@id":"https:\/\/www.dianisearesort.de\/de\/dining\/maasai-bar\/","url":"https:\/\/www.dianisearesort.de\/de\/dining\/maasai-bar\/","name":"Maasai Bar - DSR","isPartOf":{"@id":"https:\/\/www.dianisearesort.de\/de\/#website"},"primaryImageOfPage":{"@id":"https:\/\/www.dianisearesort.de\/de\/dining\/maasai-bar\/#primaryimage"},"image":{"@id":"https:\/\/www.dianisearesort.de\/dining\/maasai-bar\/#primaryimage"},"thumbnailUrl":"https:\/\/www.dianisearesort.de\/media\/2018\/10\/IMG_3483.jpg","datePublished":"2018-07-04T20:24:18+00:00","dateModified":"2018-11-01T23:09:28+00:00","breadcrumb":{"@id":"https:\/\/www.dianisearesort.de\/de\/dining\/maasai-bar\/#breadcrumb"},"inLanguage":"de","potentialAction":[{"@type":"ReadAction","target":[["https:\/\/www.dianisearesort.de\/de\/dining\/maasai-bar\/"]]}]},{"@type":"ImageObject","inLanguage":"de","@id":"https:\/\/www.dianisearesort.de\/de\/dining\/maasai-bar\/#primaryimage","url":"https:\/\/www.dianisearesort.de\/media\/2018\/10\/IMG_3483.jpg","contentUrl":"https:\/\/www.dianisearesort.de\/media\/2018\/10\/IMG_3483.jpg"},{"@type":"BreadcrumbList","@id":"https:\/\/www.dianisearesort.de\/de\/dining\/maasai-bar\/#breadcrumb","itemListElement":[{"@type":"ListItem","position":1,"name":"Home","item":"https:\/\/www.dianisearesort.de\/de\/"},{"@type":"ListItem","position":2,"name":"Dining","item":"https:\/\/www.dianisearesort.de\/de\/dining\/"},{"@type":"ListItem","position":3,"name":"Maasai Bar"}]},{"@type":"WebSite","@id":"https:\/\/www.dianisearesort.de\/de\/#website","url":"https:\/\/www.dianisearesort.de\/de\/","name":"DSR","description":"","publisher":{"@id":"https:\/\/www.dianisearesort.de\/de\/#organization"},"potentialAction":[{"@type":"SearchAction","target":{"@type":"EntryPoint","urlTemplate":"https:\/\/www.dianisearesort.de\/de\/?s={search_term_string}"},"query-input":{"@type":"PropertyValueSpecification","valueRequired":true,"valueName":"search_term_string"}}],"inLanguage":"de"},{"@type":"Organization","@id":"https:\/\/www.dianisearesort.de\/de\/#organization","name":"Diani Sea Resort","url":"https:\/\/www.dianisearesort.de\/de\/","logo":{"@type":"ImageObject","inLanguage":"de","@id":"https:\/\/www.dianisearesort.de\/de\/#\/schema\/logo\/image\/","url":"https:\/\/www.dianisearesort.de\/media\/2018\/11\/diani-sea-resort-sq.png","contentUrl":"https:\/\/www.dianisearesort.de\/media\/2018\/11\/diani-sea-resort-sq.png","width":1600,"height":1600,"caption":"Diani Sea Resort"},"image":{"@id":"https:\/\/www.dianisearesort.de\/de\/#\/schema\/logo\/image\/"},"sameAs":["https:\/\/web.facebook.com\/dianisearesort\/","https:\/\/www.instagram.com\/diani_sea_resort\/"]}]}},"_links":{"self":[{"href":"https:\/\/www.dianisearesort.de\/de\/wp-json\/wp\/v2\/pages\/161","targetHints":{"allow":["GET"]}}],"collection":[{"href":"https:\/\/www.dianisearesort.de\/de\/wp-json\/wp\/v2\/pages"}],"about":[{"href":"https:\/\/www.dianisearesort.de\/de\/wp-json\/wp\/v2\/types\/page"}],"author":[{"embeddable":true,"href":"https:\/\/www.dianisearesort.de\/de\/wp-json\/wp\/v2\/users\/2"}],"replies":[{"embeddable":true,"href":"https:\/\/www.dianisearesort.de\/de\/wp-json\/wp\/v2\/comments?post=161"}],"version-history":[{"count":13,"href":"https:\/\/www.dianisearesort.de\/de\/wp-json\/wp\/v2\/pages\/161\/revisions"}],"predecessor-version":[{"id":568,"href":"https:\/\/www.dianisearesort.de\/de\/wp-json\/wp\/v2\/pages\/161\/revisions\/568"}],"up":[{"embeddable":true,"href":"https:\/\/www.dianisearesort.de\/de\/wp-json\/wp\/v2\/pages\/129"}],"wp:attachment":[{"href":"https:\/\/www.dianisearesort.de\/de\/wp-json\/wp\/v2\/media?parent=161"}],"curies":[{"name":"wp","href":"https:\/\/api.w.org\/{rel}","templated":true}]}}