{"id":157,"date":"2018-07-04T17:52:55","date_gmt":"2018-07-04T17:52:55","guid":{"rendered":"https:\/\/www.dianisearesort.de\/?page_id=157"},"modified":"2018-11-02T02:13:32","modified_gmt":"2018-11-01T23:13:32","slug":"drink-bar","status":"publish","type":"page","link":"https:\/\/www.dianisearesort.de\/de\/dining\/drink-bar\/","title":{"rendered":"Pool Bar"},"content":{"rendered":"<p>Die Poolbar ist von 11:00 Uhr bis 24:00 Uhr ge\u00f6ffnet. All-inclusive-Getr\u00e4nke, die in den Bars mit Glas serviert werden, umfassen: Fanta, Bitter Lemon, Sprite, Fruchts\u00e4fte, Wasser, Sodawasser, lokales Bier, ausgew\u00e4hlte lokale Spirituosen, verschiedene Cocktails und Hauswein.<\/p>\n<p><img loading=\"lazy\" decoding=\"async\" class=\"alignnone size-full wp-image-219\" src=\"https:\/\/www.dianisearesort.de\/media\/2018\/10\/IMG_0171-HDR.jpg\" alt=\"Pool bar\" width=\"1980\" height=\"1114\" srcset=\"https:\/\/www.dianisearesort.de\/media\/2018\/10\/IMG_0171-HDR.jpg 1980w, https:\/\/www.dianisearesort.de\/media\/2018\/10\/IMG_0171-HDR-300x169.jpg 300w, https:\/\/www.dianisearesort.de\/media\/2018\/10\/IMG_0171-HDR-768x432.jpg 768w, https:\/\/www.dianisearesort.de\/media\/2018\/10\/IMG_0171-HDR-1024x576.jpg 1024w\" sizes=\"auto, (max-width: 1980px) 100vw, 1980px\" \/><\/p>","protected":false},"excerpt":{"rendered":"<p>Die Poolbar ist von 11:00 Uhr bis 24:00 Uhr ge\u00f6ffnet. All-inclusive-Getr\u00e4nke, die in den Bars mit Glas serviert werden, umfassen: Fanta, Bitter Lemon, Sprite, Fruchts\u00e4fte, Wasser, Sodawasser, lokales Bier, ausgew\u00e4hlte lokale Spirituosen, verschiedene Cocktails und Hauswein.<\/p>\n","protected":false},"author":2,"featured_media":0,"parent":129,"menu_order":5,"comment_status":"closed","ping_status":"closed","template":"","meta":{"_acf_changed":false,"footnotes":""},"class_list":["post-157","page","type-page","status-publish","hentry"],"acf":[],"yoast_head":"<!-- This site is optimized with the Yoast SEO plugin v27.4 - https:\/\/yoast.com\/product\/yoast-seo-wordpress\/ -->\n<title>Pool Bar - DSR<\/title>\n<meta name=\"robots\" content=\"index, follow, max-snippet:-1, max-image-preview:large, max-video-preview:-1\" \/>\n<link rel=\"canonical\" href=\"https:\/\/www.dianisearesort.de\/de\/dining\/pool-bar\/\" \/>\n<meta property=\"og:locale\" content=\"de_DE\" \/>\n<meta property=\"og:type\" content=\"article\" \/>\n<meta property=\"og:title\" content=\"Pool Bar - DSR\" \/>\n<meta property=\"og:description\" content=\"Die Poolbar ist von 11:00 Uhr bis 24:00 Uhr ge\u00f6ffnet. All-inclusive-Getr\u00e4nke, die in den Bars mit Glas serviert werden, umfassen: Fanta, Bitter Lemon, Sprite, Fruchts\u00e4fte, Wasser, Sodawasser, lokales Bier, ausgew\u00e4hlte lokale Spirituosen, verschiedene Cocktails und Hauswein.\" \/>\n<meta property=\"og:url\" content=\"https:\/\/www.dianisearesort.de\/de\/dining\/pool-bar\/\" \/>\n<meta property=\"og:site_name\" content=\"DSR\" \/>\n<meta property=\"article:publisher\" content=\"https:\/\/web.facebook.com\/dianisearesort\/\" \/>\n<meta property=\"article:modified_time\" content=\"2018-11-01T23:13:32+00:00\" \/>\n<meta property=\"og:image\" content=\"https:\/\/www.dianisearesort.de\/media\/2018\/10\/IMG_0171-HDR.jpg\" \/>\n<meta name=\"twitter:card\" content=\"summary_large_image\" \/>\n<script type=\"application\/ld+json\" class=\"yoast-schema-graph\">{\"@context\":\"https:\\\/\\\/schema.org\",\"@graph\":[{\"@type\":\"WebPage\",\"@id\":\"https:\\\/\\\/www.dianisearesort.de\\\/de\\\/dining\\\/pool-bar\\\/\",\"url\":\"https:\\\/\\\/www.dianisearesort.de\\\/de\\\/dining\\\/pool-bar\\\/\",\"name\":\"Pool Bar - DSR\",\"isPartOf\":{\"@id\":\"https:\\\/\\\/www.dianisearesort.de\\\/de\\\/#website\"},\"primaryImageOfPage\":{\"@id\":\"https:\\\/\\\/www.dianisearesort.de\\\/de\\\/dining\\\/pool-bar\\\/#primaryimage\"},\"image\":{\"@id\":\"https:\\\/\\\/www.dianisearesort.de\\\/dining\\\/pool-bar\\\/#primaryimage\"},\"thumbnailUrl\":\"https:\\\/\\\/www.dianisearesort.de\\\/media\\\/2018\\\/10\\\/IMG_0171-HDR.jpg\",\"datePublished\":\"2018-07-04T17:52:55+00:00\",\"dateModified\":\"2018-11-01T23:13:32+00:00\",\"breadcrumb\":{\"@id\":\"https:\\\/\\\/www.dianisearesort.de\\\/de\\\/dining\\\/pool-bar\\\/#breadcrumb\"},\"inLanguage\":\"de\",\"potentialAction\":[{\"@type\":\"ReadAction\",\"target\":[[\"https:\\\/\\\/www.dianisearesort.de\\\/de\\\/dining\\\/pool-bar\\\/\"]]}]},{\"@type\":\"ImageObject\",\"inLanguage\":\"de\",\"@id\":\"https:\\\/\\\/www.dianisearesort.de\\\/de\\\/dining\\\/pool-bar\\\/#primaryimage\",\"url\":\"https:\\\/\\\/www.dianisearesort.de\\\/media\\\/2018\\\/10\\\/IMG_0171-HDR.jpg\",\"contentUrl\":\"https:\\\/\\\/www.dianisearesort.de\\\/media\\\/2018\\\/10\\\/IMG_0171-HDR.jpg\"},{\"@type\":\"BreadcrumbList\",\"@id\":\"https:\\\/\\\/www.dianisearesort.de\\\/de\\\/dining\\\/pool-bar\\\/#breadcrumb\",\"itemListElement\":[{\"@type\":\"ListItem\",\"position\":1,\"name\":\"Home\",\"item\":\"https:\\\/\\\/www.dianisearesort.de\\\/de\\\/\"},{\"@type\":\"ListItem\",\"position\":2,\"name\":\"Dining\",\"item\":\"https:\\\/\\\/www.dianisearesort.de\\\/de\\\/dining\\\/\"},{\"@type\":\"ListItem\",\"position\":3,\"name\":\"Pool Bar\"}]},{\"@type\":\"WebSite\",\"@id\":\"https:\\\/\\\/www.dianisearesort.de\\\/de\\\/#website\",\"url\":\"https:\\\/\\\/www.dianisearesort.de\\\/de\\\/\",\"name\":\"DSR\",\"description\":\"\",\"publisher\":{\"@id\":\"https:\\\/\\\/www.dianisearesort.de\\\/de\\\/#organization\"},\"potentialAction\":[{\"@type\":\"SearchAction\",\"target\":{\"@type\":\"EntryPoint\",\"urlTemplate\":\"https:\\\/\\\/www.dianisearesort.de\\\/de\\\/?s={search_term_string}\"},\"query-input\":{\"@type\":\"PropertyValueSpecification\",\"valueRequired\":true,\"valueName\":\"search_term_string\"}}],\"inLanguage\":\"de\"},{\"@type\":\"Organization\",\"@id\":\"https:\\\/\\\/www.dianisearesort.de\\\/de\\\/#organization\",\"name\":\"Diani Sea Resort\",\"url\":\"https:\\\/\\\/www.dianisearesort.de\\\/de\\\/\",\"logo\":{\"@type\":\"ImageObject\",\"inLanguage\":\"de\",\"@id\":\"https:\\\/\\\/www.dianisearesort.de\\\/de\\\/#\\\/schema\\\/logo\\\/image\\\/\",\"url\":\"https:\\\/\\\/www.dianisearesort.de\\\/media\\\/2018\\\/11\\\/diani-sea-resort-sq.png\",\"contentUrl\":\"https:\\\/\\\/www.dianisearesort.de\\\/media\\\/2018\\\/11\\\/diani-sea-resort-sq.png\",\"width\":1600,\"height\":1600,\"caption\":\"Diani Sea Resort\"},\"image\":{\"@id\":\"https:\\\/\\\/www.dianisearesort.de\\\/de\\\/#\\\/schema\\\/logo\\\/image\\\/\"},\"sameAs\":[\"https:\\\/\\\/web.facebook.com\\\/dianisearesort\\\/\",\"https:\\\/\\\/www.instagram.com\\\/diani_sea_resort\\\/\"]}]}<\/script>\n<!-- \/ Yoast SEO plugin. -->","yoast_head_json":{"title":"Pool Bar - DSR","robots":{"index":"index","follow":"follow","max-snippet":"max-snippet:-1","max-image-preview":"max-image-preview:large","max-video-preview":"max-video-preview:-1"},"canonical":"https:\/\/www.dianisearesort.de\/de\/dining\/pool-bar\/","og_locale":"de_DE","og_type":"article","og_title":"Pool Bar - DSR","og_description":"Die Poolbar ist von 11:00 Uhr bis 24:00 Uhr ge\u00f6ffnet. All-inclusive-Getr\u00e4nke, die in den Bars mit Glas serviert werden, umfassen: Fanta, Bitter Lemon, Sprite, Fruchts\u00e4fte, Wasser, Sodawasser, lokales Bier, ausgew\u00e4hlte lokale Spirituosen, verschiedene Cocktails und Hauswein.","og_url":"https:\/\/www.dianisearesort.de\/de\/dining\/pool-bar\/","og_site_name":"DSR","article_publisher":"https:\/\/web.facebook.com\/dianisearesort\/","article_modified_time":"2018-11-01T23:13:32+00:00","og_image":[{"url":"https:\/\/www.dianisearesort.de\/media\/2018\/10\/IMG_0171-HDR.jpg","type":"","width":"","height":""}],"twitter_card":"summary_large_image","schema":{"@context":"https:\/\/schema.org","@graph":[{"@type":"WebPage","@id":"https:\/\/www.dianisearesort.de\/de\/dining\/pool-bar\/","url":"https:\/\/www.dianisearesort.de\/de\/dining\/pool-bar\/","name":"Pool Bar - DSR","isPartOf":{"@id":"https:\/\/www.dianisearesort.de\/de\/#website"},"primaryImageOfPage":{"@id":"https:\/\/www.dianisearesort.de\/de\/dining\/pool-bar\/#primaryimage"},"image":{"@id":"https:\/\/www.dianisearesort.de\/dining\/pool-bar\/#primaryimage"},"thumbnailUrl":"https:\/\/www.dianisearesort.de\/media\/2018\/10\/IMG_0171-HDR.jpg","datePublished":"2018-07-04T17:52:55+00:00","dateModified":"2018-11-01T23:13:32+00:00","breadcrumb":{"@id":"https:\/\/www.dianisearesort.de\/de\/dining\/pool-bar\/#breadcrumb"},"inLanguage":"de","potentialAction":[{"@type":"ReadAction","target":[["https:\/\/www.dianisearesort.de\/de\/dining\/pool-bar\/"]]}]},{"@type":"ImageObject","inLanguage":"de","@id":"https:\/\/www.dianisearesort.de\/de\/dining\/pool-bar\/#primaryimage","url":"https:\/\/www.dianisearesort.de\/media\/2018\/10\/IMG_0171-HDR.jpg","contentUrl":"https:\/\/www.dianisearesort.de\/media\/2018\/10\/IMG_0171-HDR.jpg"},{"@type":"BreadcrumbList","@id":"https:\/\/www.dianisearesort.de\/de\/dining\/pool-bar\/#breadcrumb","itemListElement":[{"@type":"ListItem","position":1,"name":"Home","item":"https:\/\/www.dianisearesort.de\/de\/"},{"@type":"ListItem","position":2,"name":"Dining","item":"https:\/\/www.dianisearesort.de\/de\/dining\/"},{"@type":"ListItem","position":3,"name":"Pool Bar"}]},{"@type":"WebSite","@id":"https:\/\/www.dianisearesort.de\/de\/#website","url":"https:\/\/www.dianisearesort.de\/de\/","name":"DSR","description":"","publisher":{"@id":"https:\/\/www.dianisearesort.de\/de\/#organization"},"potentialAction":[{"@type":"SearchAction","target":{"@type":"EntryPoint","urlTemplate":"https:\/\/www.dianisearesort.de\/de\/?s={search_term_string}"},"query-input":{"@type":"PropertyValueSpecification","valueRequired":true,"valueName":"search_term_string"}}],"inLanguage":"de"},{"@type":"Organization","@id":"https:\/\/www.dianisearesort.de\/de\/#organization","name":"Diani Sea Resort","url":"https:\/\/www.dianisearesort.de\/de\/","logo":{"@type":"ImageObject","inLanguage":"de","@id":"https:\/\/www.dianisearesort.de\/de\/#\/schema\/logo\/image\/","url":"https:\/\/www.dianisearesort.de\/media\/2018\/11\/diani-sea-resort-sq.png","contentUrl":"https:\/\/www.dianisearesort.de\/media\/2018\/11\/diani-sea-resort-sq.png","width":1600,"height":1600,"caption":"Diani Sea Resort"},"image":{"@id":"https:\/\/www.dianisearesort.de\/de\/#\/schema\/logo\/image\/"},"sameAs":["https:\/\/web.facebook.com\/dianisearesort\/","https:\/\/www.instagram.com\/diani_sea_resort\/"]}]}},"_links":{"self":[{"href":"https:\/\/www.dianisearesort.de\/de\/wp-json\/wp\/v2\/pages\/157","targetHints":{"allow":["GET"]}}],"collection":[{"href":"https:\/\/www.dianisearesort.de\/de\/wp-json\/wp\/v2\/pages"}],"about":[{"href":"https:\/\/www.dianisearesort.de\/de\/wp-json\/wp\/v2\/types\/page"}],"author":[{"embeddable":true,"href":"https:\/\/www.dianisearesort.de\/de\/wp-json\/wp\/v2\/users\/2"}],"replies":[{"embeddable":true,"href":"https:\/\/www.dianisearesort.de\/de\/wp-json\/wp\/v2\/comments?post=157"}],"version-history":[{"count":7,"href":"https:\/\/www.dianisearesort.de\/de\/wp-json\/wp\/v2\/pages\/157\/revisions"}],"predecessor-version":[{"id":571,"href":"https:\/\/www.dianisearesort.de\/de\/wp-json\/wp\/v2\/pages\/157\/revisions\/571"}],"up":[{"embeddable":true,"href":"https:\/\/www.dianisearesort.de\/de\/wp-json\/wp\/v2\/pages\/129"}],"wp:attachment":[{"href":"https:\/\/www.dianisearesort.de\/de\/wp-json\/wp\/v2\/media?parent=157"}],"curies":[{"name":"wp","href":"https:\/\/api.w.org\/{rel}","templated":true}]}}